{"id":423,"date":"2025-05-21T13:06:44","date_gmt":"2025-05-21T11:06:44","guid":{"rendered":"https:\/\/www.lakuafoto.com\/?page_id=423"},"modified":"2025-07-17T08:32:56","modified_gmt":"2025-07-17T06:32:56","slug":"quien-es-lidia","status":"publish","type":"page","link":"https:\/\/www.lakuafoto.com\/en\/quien-es-lidia\/","title":{"rendered":"Who is Lidia"},"content":{"rendered":"<div data-elementor-type=\"wp-page\" data-elementor-id=\"423\" class=\"elementor elementor-423\" data-elementor-post-type=\"page\">\n\t\t\t\t<div class=\"elementor-element elementor-element-b102cd0 e-flex e-con-boxed e-con e-parent\" data-id=\"b102cd0\" data-element_type=\"container\" data-e-type=\"container\" data-settings=\"{&quot;background_background&quot;:&quot;classic&quot;}\">\n\t\t\t\t\t<div class=\"e-con-inner\">\n\t\t\t\t\t<\/div>\n\t\t\t\t<\/div>\n\t\t<div class=\"elementor-element elementor-element-78b0dab8 e-flex e-con-boxed e-con e-parent\" data-id=\"78b0dab8\" data-element_type=\"container\" data-e-type=\"container\" data-settings=\"{&quot;background_background&quot;:&quot;classic&quot;}\">\n\t\t\t\t\t<div class=\"e-con-inner\">\n\t\t\t\t<div class=\"elementor-element elementor-element-453cf5a8 elementor-widget elementor-widget-icon-box\" data-id=\"453cf5a8\" data-element_type=\"widget\" data-e-type=\"widget\" data-widget_type=\"icon-box.default\">\n\t\t\t\t<div class=\"elementor-widget-container\">\n\t\t\t\t\t\t\t<div class=\"elementor-icon-box-wrapper\">\n\n\t\t\t\n\t\t\t\t\t\t<div class=\"elementor-icon-box-content\">\n\n\t\t\t\t\t\t\t\t\t<h1 class=\"elementor-icon-box-title\">\n\t\t\t\t\t\t<span  >\n\t\t\t\t\t\t\tWho is Lidia\t\t\t\t\t\t<\/span>\n\t\t\t\t\t<\/h1>\n\t\t\t\t\n\t\t\t\t\t\t\t\t\t<p class=\"elementor-icon-box-description\">\n\t\t\t\t\t\tPhotographer, mother, and soul of Lakua Foto. A sensitive gaze, a committed heart, and a history tied to images since childhood.\t\t\t\t\t<\/p>\n\t\t\t\t\n\t\t\t<\/div>\n\t\t\t\n\t\t<\/div>\n\t\t\t\t\t\t<\/div>\n\t\t\t\t<\/div>\n\t\t\t\t\t<\/div>\n\t\t\t\t<\/div>\n\t\t<div class=\"elementor-element elementor-element-6820f531 e-flex e-con-boxed e-con e-parent\" data-id=\"6820f531\" data-element_type=\"container\" data-e-type=\"container\">\n\t\t\t\t\t<div class=\"e-con-inner\">\n\t\t<div class=\"elementor-element elementor-element-6537b67d e-con-full e-flex e-con e-child\" data-id=\"6537b67d\" data-element_type=\"container\" data-e-type=\"container\">\n\t\t\t\t<div class=\"elementor-element elementor-element-6a6cbea4 elementor-widget elementor-widget-icon-box\" data-id=\"6a6cbea4\" data-element_type=\"widget\" data-e-type=\"widget\" data-widget_type=\"icon-box.default\">\n\t\t\t\t<div class=\"elementor-widget-container\">\n\t\t\t\t\t\t\t<div class=\"elementor-icon-box-wrapper\">\n\n\t\t\t\n\t\t\t\t\t\t<div class=\"elementor-icon-box-content\">\n\n\t\t\t\t\t\t\t\t\t<h2 class=\"elementor-icon-box-title\">\n\t\t\t\t\t\t<span  >\n\t\t\t\t\t\t\tA life between cameras, family and conscience\t\t\t\t\t\t<\/span>\n\t\t\t\t\t<\/h2>\n\t\t\t\t\n\t\t\t\t\t\t\t\t\t<p class=\"elementor-icon-box-description\">\n\t\t\t\t\t\tSince he got his first camera at just 9 years old, Lidia knew that photography would be an essential part of his life. <br><br>\n\nWith a broad professional career\u2014including nearly 14 years at a major photography company in the Basque Country and a master&#039;s degree in fashion photography in 2014\u2014he has mastered the art of combining technique, sensitivity, and purpose. <br><br>\n\nHer motherhood reinforced her commitment to the environment, turning Lakua Foto into a space where every decision is made with respect for people and the planet. <br><br>\n\nIn 2024, following Evaristo Espartero&#039;s retirement, Lidia takes a step forward to continue this photo studio-shop, transforming it into a warm, sustainable, and ethical space.\t\t\t\t\t<\/p>\n\t\t\t\t\n\t\t\t<\/div>\n\t\t\t\n\t\t<\/div>\n\t\t\t\t\t\t<\/div>\n\t\t\t\t<\/div>\n\t\t\t\t<\/div>\n\t\t<div class=\"elementor-element elementor-element-6c692907 e-con-full e-flex e-con e-child\" data-id=\"6c692907\" data-element_type=\"container\" data-e-type=\"container\" data-settings=\"{&quot;background_background&quot;:&quot;classic&quot;}\">\n\t\t\t\t<\/div>\n\t\t\t\t\t<\/div>\n\t\t\t\t<\/div>\n\t\t<div class=\"elementor-element elementor-element-7c277f3b e-grid e-con-boxed e-con e-child\" data-id=\"7c277f3b\" data-element_type=\"container\" data-e-type=\"container\">\n\t\t\t\t\t<div class=\"e-con-inner\">\n\t\t\t\t<div class=\"elementor-element elementor-element-33793742 elementor-view-default elementor-position-block-start elementor-mobile-position-block-start elementor-invisible elementor-widget elementor-widget-icon-box\" data-id=\"33793742\" data-element_type=\"widget\" data-e-type=\"widget\" data-settings=\"{&quot;_animation&quot;:&quot;fadeInUp&quot;,&quot;_animation_delay&quot;:100}\" data-widget_type=\"icon-box.default\">\n\t\t\t\t<div class=\"elementor-widget-container\">\n\t\t\t\t\t\t\t<div class=\"elementor-icon-box-wrapper\">\n\n\t\t\t\t\t\t<div class=\"elementor-icon-box-icon\">\n\t\t\t\t<span  class=\"elementor-icon\">\n\t\t\t\t<i aria-hidden=\"true\" class=\"fas fa-bahai\"><\/i>\t\t\t\t<\/span>\n\t\t\t<\/div>\n\t\t\t\n\t\t\t\t\t\t<div class=\"elementor-icon-box-content\">\n\n\t\t\t\t\t\t\t\t\t<h3 class=\"elementor-icon-box-title\">\n\t\t\t\t\t\t<span  >\n\t\t\t\t\t\t\tPassionate about photography\t\t\t\t\t\t<\/span>\n\t\t\t\t\t<\/h3>\n\t\t\t\t\n\t\t\t\t\t\t\t\t\t<p class=\"elementor-icon-box-description\">\n\t\t\t\t\t\tSince I was little, capturing the world with sensitivity and authenticity.\t\t\t\t\t<\/p>\n\t\t\t\t\n\t\t\t<\/div>\n\t\t\t\n\t\t<\/div>\n\t\t\t\t\t\t<\/div>\n\t\t\t\t<\/div>\n\t\t\t\t<div class=\"elementor-element elementor-element-54f6929 elementor-view-default elementor-position-block-start elementor-mobile-position-block-start elementor-invisible elementor-widget elementor-widget-icon-box\" data-id=\"54f6929\" data-element_type=\"widget\" data-e-type=\"widget\" data-settings=\"{&quot;_animation&quot;:&quot;fadeInUp&quot;,&quot;_animation_delay&quot;:200}\" data-widget_type=\"icon-box.default\">\n\t\t\t\t<div class=\"elementor-widget-container\">\n\t\t\t\t\t\t\t<div class=\"elementor-icon-box-wrapper\">\n\n\t\t\t\t\t\t<div class=\"elementor-icon-box-icon\">\n\t\t\t\t<span  class=\"elementor-icon\">\n\t\t\t\t<i aria-hidden=\"true\" class=\"fas fa-bezier-curve\"><\/i>\t\t\t\t<\/span>\n\t\t\t<\/div>\n\t\t\t\n\t\t\t\t\t\t<div class=\"elementor-icon-box-content\">\n\n\t\t\t\t\t\t\t\t\t<h3 class=\"elementor-icon-box-title\">\n\t\t\t\t\t\t<span  >\n\t\t\t\t\t\t\tCommitted\t\t\t\t\t\t<\/span>\n\t\t\t\t\t<\/h3>\n\t\t\t\t\n\t\t\t\t\t\t\t\t\t<p class=\"elementor-icon-box-description\">\n\t\t\t\t\t\tEvery gesture counts. Lakua Foto grows with environmental awareness.\t\t\t\t\t<\/p>\n\t\t\t\t\n\t\t\t<\/div>\n\t\t\t\n\t\t<\/div>\n\t\t\t\t\t\t<\/div>\n\t\t\t\t<\/div>\n\t\t\t\t<div class=\"elementor-element elementor-element-14ac880f elementor-view-default elementor-position-block-start elementor-mobile-position-block-start elementor-invisible elementor-widget elementor-widget-icon-box\" data-id=\"14ac880f\" data-element_type=\"widget\" data-e-type=\"widget\" data-settings=\"{&quot;_animation&quot;:&quot;fadeInUp&quot;,&quot;_animation_delay&quot;:300}\" data-widget_type=\"icon-box.default\">\n\t\t\t\t<div class=\"elementor-widget-container\">\n\t\t\t\t\t\t\t<div class=\"elementor-icon-box-wrapper\">\n\n\t\t\t\t\t\t<div class=\"elementor-icon-box-icon\">\n\t\t\t\t<span  class=\"elementor-icon\">\n\t\t\t\t<i aria-hidden=\"true\" class=\"fas fa-bolt\"><\/i>\t\t\t\t<\/span>\n\t\t\t<\/div>\n\t\t\t\n\t\t\t\t\t\t<div class=\"elementor-icon-box-content\">\n\n\t\t\t\t\t\t\t\t\t<h3 class=\"elementor-icon-box-title\">\n\t\t\t\t\t\t<span  >\n\t\t\t\t\t\t\tAbsolute respect for childhood\t\t\t\t\t\t<\/span>\n\t\t\t\t\t<\/h3>\n\t\t\t\t\n\t\t\t\t\t\t\t\t\t<p class=\"elementor-icon-box-description\">\n\t\t\t\t\t\tThe privacy of the little ones always comes first.\t\t\t\t\t<\/p>\n\t\t\t\t\n\t\t\t<\/div>\n\t\t\t\n\t\t<\/div>\n\t\t\t\t\t\t<\/div>\n\t\t\t\t<\/div>\n\t\t\t\t<div class=\"elementor-element elementor-element-3010c8d0 elementor-view-default elementor-position-block-start elementor-mobile-position-block-start elementor-invisible elementor-widget elementor-widget-icon-box\" data-id=\"3010c8d0\" data-element_type=\"widget\" data-e-type=\"widget\" data-settings=\"{&quot;_animation&quot;:&quot;fadeInUp&quot;,&quot;_animation_delay&quot;:400}\" data-widget_type=\"icon-box.default\">\n\t\t\t\t<div class=\"elementor-widget-container\">\n\t\t\t\t\t\t\t<div class=\"elementor-icon-box-wrapper\">\n\n\t\t\t\t\t\t<div class=\"elementor-icon-box-icon\">\n\t\t\t\t<span  class=\"elementor-icon\">\n\t\t\t\t<i aria-hidden=\"true\" class=\"fas fa-border-style\"><\/i>\t\t\t\t<\/span>\n\t\t\t<\/div>\n\t\t\t\n\t\t\t\t\t\t<div class=\"elementor-icon-box-content\">\n\n\t\t\t\t\t\t\t\t\t<h3 class=\"elementor-icon-box-title\">\n\t\t\t\t\t\t<span  >\n\t\t\t\t\t\t\tCloseness and human treatment\t\t\t\t\t\t<\/span>\n\t\t\t\t\t<\/h3>\n\t\t\t\t\n\t\t\t\t\t\t\t\t\t<p class=\"elementor-icon-box-description\">\n\t\t\t\t\t\tDirect, honest, and loving attention to every project.\t\t\t\t\t<\/p>\n\t\t\t\t\n\t\t\t<\/div>\n\t\t\t\n\t\t<\/div>\n\t\t\t\t\t\t<\/div>\n\t\t\t\t<\/div>\n\t\t\t\t\t<\/div>\n\t\t\t\t<\/div>\n\t\t<div class=\"elementor-element elementor-element-7abc4bdc e-con-full e-flex e-con e-parent\" data-id=\"7abc4bdc\" data-element_type=\"container\" data-e-type=\"container\">\n\t\t\t\t<div class=\"elementor-element elementor-element-776fb3e6 elementor-widget elementor-widget-template\" data-id=\"776fb3e6\" data-element_type=\"widget\" data-e-type=\"widget\" data-widget_type=\"template.default\">\n\t\t\t\t<div class=\"elementor-widget-container\">\n\t\t\t\t\t\t\t<div class=\"elementor-template\">\n\t\t\t\t\t<div data-elementor-type=\"container\" data-elementor-id=\"591\" class=\"elementor elementor-591\" data-elementor-post-type=\"elementor_library\">\n\t\t\t\t<div class=\"elementor-element elementor-element-3ff8b7d5 e-flex e-con-boxed e-con e-parent\" data-id=\"3ff8b7d5\" data-element_type=\"container\" data-e-type=\"container\" data-settings=\"{&quot;background_background&quot;:&quot;classic&quot;}\">\n\t\t\t\t\t<div class=\"e-con-inner\">\n\t\t\t\t<div class=\"elementor-element elementor-element-505b78d4 elementor-view-default elementor-position-block-start elementor-mobile-position-block-start elementor-widget elementor-widget-icon-box\" data-id=\"505b78d4\" data-element_type=\"widget\" data-e-type=\"widget\" data-widget_type=\"icon-box.default\">\n\t\t\t\t<div class=\"elementor-widget-container\">\n\t\t\t\t\t\t\t<div class=\"elementor-icon-box-wrapper\">\n\n\t\t\t\t\t\t<div class=\"elementor-icon-box-icon\">\n\t\t\t\t<span  class=\"elementor-icon\">\n\t\t\t\t<i aria-hidden=\"true\" class=\"fas fa-camera\"><\/i>\t\t\t\t<\/span>\n\t\t\t<\/div>\n\t\t\t\n\t\t\t\t\t\t<div class=\"elementor-icon-box-content\">\n\n\t\t\t\t\t\t\t\t\t<h2 class=\"elementor-icon-box-title\">\n\t\t\t\t\t\t<span  >\n\t\t\t\t\t\t\tBook your session or visit us. Do you have an idea in mind?\t\t\t\t\t\t<\/span>\n\t\t\t\t\t<\/h2>\n\t\t\t\t\n\t\t\t\t\t\t\t\t\t<p class=\"elementor-icon-box-description\">\n\t\t\t\t\t\tThere is no small moment when it comes to capturing memories.<br><br>\n\nWhether it&#039;s for a family session, a communion photo shoot, or simply printing your favorite photos, at Lakua Foto we&#039;re here to help you every step of the way. \t\t\t\t\t<\/p>\n\t\t\t\t\n\t\t\t<\/div>\n\t\t\t\n\t\t<\/div>\n\t\t\t\t\t\t<\/div>\n\t\t\t\t<\/div>\n\t\t\t\t<div class=\"elementor-element elementor-element-b35ccf3 elementor-align-justify elementor-mobile-align-justify elementor-widget__width-inherit elementor-widget elementor-widget-button\" data-id=\"b35ccf3\" data-element_type=\"widget\" data-e-type=\"widget\" data-widget_type=\"button.default\">\n\t\t\t\t<div class=\"elementor-widget-container\">\n\t\t\t\t\t\t\t\t\t<div class=\"elementor-button-wrapper\">\n\t\t\t\t\t<a class=\"elementor-button elementor-button-link elementor-size-sm\" href=\"https:\/\/www.lakuafoto.com\/en\/contacto\/\">\n\t\t\t\t\t\t<span class=\"elementor-button-content-wrapper\">\n\t\t\t\t\t\t<span class=\"elementor-button-icon\">\n\t\t\t\t<i aria-hidden=\"true\" class=\"fas fa-camera\"><\/i>\t\t\t<\/span>\n\t\t\t\t\t\t\t\t\t<span class=\"elementor-button-text\">Contact<\/span>\n\t\t\t\t\t<\/span>\n\t\t\t\t\t<\/a>\n\t\t\t\t<\/div>\n\t\t\t\t\t\t\t\t<\/div>\n\t\t\t\t<\/div>\n\t\t\t\t<div class=\"elementor-element elementor-element-e527c2e elementor-icon-list--layout-inline elementor-align-center elementor-mobile-align-center elementor-list-item-link-full_width elementor-widget elementor-widget-icon-list\" data-id=\"e527c2e\" data-element_type=\"widget\" data-e-type=\"widget\" data-widget_type=\"icon-list.default\">\n\t\t\t\t<div class=\"elementor-widget-container\">\n\t\t\t\t\t\t\t<ul class=\"elementor-icon-list-items elementor-inline-items\">\n\t\t\t\t\t\t\t<li class=\"elementor-icon-list-item elementor-inline-item\">\n\t\t\t\t\t\t\t\t\t\t\t<a href=\"tel:685786740\">\n\n\t\t\t\t\t\t\t\t\t\t\t\t<span class=\"elementor-icon-list-icon\">\n\t\t\t\t\t\t\t<i aria-hidden=\"true\" class=\"fas fa-phone\"><\/i>\t\t\t\t\t\t<\/span>\n\t\t\t\t\t\t\t\t\t\t<span class=\"elementor-icon-list-text\">685 786 740<\/span>\n\t\t\t\t\t\t\t\t\t\t\t<\/a>\n\t\t\t\t\t\t\t\t\t<\/li>\n\t\t\t\t\t\t\t\t<li class=\"elementor-icon-list-item elementor-inline-item\">\n\t\t\t\t\t\t\t\t\t\t\t<a href=\"mailto:lakuafoto@gmail.com\">\n\n\t\t\t\t\t\t\t\t\t\t\t\t<span class=\"elementor-icon-list-icon\">\n\t\t\t\t\t\t\t<i aria-hidden=\"true\" class=\"fas fa-envelope\"><\/i>\t\t\t\t\t\t<\/span>\n\t\t\t\t\t\t\t\t\t\t<span class=\"elementor-icon-list-text\">lakuafoto@gmail.com<\/span>\n\t\t\t\t\t\t\t\t\t\t\t<\/a>\n\t\t\t\t\t\t\t\t\t<\/li>\n\t\t\t\t\t\t<\/ul>\n\t\t\t\t\t\t<\/div>\n\t\t\t\t<\/div>\n\t\t\t\t\t<\/div>\n\t\t\t\t<\/div>\n\t\t\t\t<\/div>\n\t\t\t\t<\/div>\n\t\t\t\t\t\t<\/div>\n\t\t\t\t<\/div>\n\t\t\t\t<\/div>\n\t\t\t\t<\/div>","protected":false},"excerpt":{"rendered":"<p>Qui\u00e9n es Lidia Fot\u00f3grafa, madre y alma de Lakua Foto. Una mirada sensible, un coraz\u00f3n comprometido y una historia ligada a la imagen desde la infancia. Una vida entre c\u00e1maras, familia y conciencia Desde que tuvo su primera c\u00e1mara con solo 9 a\u00f1os, Lidia supo que la fotograf\u00eda ser\u00eda parte esencial de su vida. Con [&hellip;]<\/p>\n","protected":false},"author":1,"featured_media":0,"parent":0,"menu_order":2,"comment_status":"closed","ping_status":"closed","template":"","meta":{"_joinchat":[],"footnotes":""},"class_list":["post-423","page","type-page","status-publish","hentry"],"yoast_head":"<!-- This site is optimized with the Yoast SEO plugin v27.4 - https:\/\/yoast.com\/product\/yoast-seo-wordpress\/ -->\n<title>Qui\u00e9n es Lidia - Lakua Foto<\/title>\n<meta name=\"description\" content=\"Conoce a Lidia, el alma detr\u00e1s de Lakua Foto. Fot\u00f3grafa cercana, creativa y comprometida con la intimidad, la infancia y la sostenibilidad en cada imagen.\" \/>\n<meta name=\"robots\" content=\"index, follow, max-snippet:-1, max-image-preview:large, max-video-preview:-1\" \/>\n<link rel=\"canonical\" href=\"https:\/\/www.lakuafoto.com\/en\/quien-es-lidia\/\" \/>\n<meta property=\"og:locale\" content=\"en_US\" \/>\n<meta property=\"og:type\" content=\"article\" \/>\n<meta property=\"og:title\" content=\"Qui\u00e9n es Lidia - Lakua Foto\" \/>\n<meta property=\"og:description\" content=\"Conoce a Lidia, el alma detr\u00e1s de Lakua Foto. Fot\u00f3grafa cercana, creativa y comprometida con la intimidad, la infancia y la sostenibilidad en cada imagen.\" \/>\n<meta property=\"og:url\" content=\"https:\/\/www.lakuafoto.com\/en\/quien-es-lidia\/\" \/>\n<meta property=\"og:site_name\" content=\"Lakua Foto\" \/>\n<meta property=\"article:publisher\" content=\"https:\/\/www.facebook.com\/profile.php?id=61559546848017\" \/>\n<meta property=\"article:modified_time\" content=\"2025-07-17T06:32:56+00:00\" \/>\n<meta name=\"twitter:card\" content=\"summary_large_image\" \/>\n<script type=\"application\/ld+json\" class=\"yoast-schema-graph\">{\"@context\":\"https:\\\/\\\/schema.org\",\"@graph\":[{\"@type\":\"WebPage\",\"@id\":\"https:\\\/\\\/www.lakuafoto.com\\\/quien-es-lidia\\\/\",\"url\":\"https:\\\/\\\/www.lakuafoto.com\\\/quien-es-lidia\\\/\",\"name\":\"Qui\u00e9n es Lidia - Lakua Foto\",\"isPartOf\":{\"@id\":\"https:\\\/\\\/www.lakuafoto.com\\\/#website\"},\"datePublished\":\"2025-05-21T11:06:44+00:00\",\"dateModified\":\"2025-07-17T06:32:56+00:00\",\"description\":\"Conoce a Lidia, el alma detr\u00e1s de Lakua Foto. Fot\u00f3grafa cercana, creativa y comprometida con la intimidad, la infancia y la sostenibilidad en cada imagen.\",\"breadcrumb\":{\"@id\":\"https:\\\/\\\/www.lakuafoto.com\\\/quien-es-lidia\\\/#breadcrumb\"},\"inLanguage\":\"en-US\",\"potentialAction\":[{\"@type\":\"ReadAction\",\"target\":[\"https:\\\/\\\/www.lakuafoto.com\\\/quien-es-lidia\\\/\"]}]},{\"@type\":\"BreadcrumbList\",\"@id\":\"https:\\\/\\\/www.lakuafoto.com\\\/quien-es-lidia\\\/#breadcrumb\",\"itemListElement\":[{\"@type\":\"ListItem\",\"position\":1,\"name\":\"Inicio\",\"item\":\"https:\\\/\\\/www.lakuafoto.com\\\/\"},{\"@type\":\"ListItem\",\"position\":2,\"name\":\"Qui\u00e9n es Lidia\"}]},{\"@type\":\"WebSite\",\"@id\":\"https:\\\/\\\/www.lakuafoto.com\\\/#website\",\"url\":\"https:\\\/\\\/www.lakuafoto.com\\\/\",\"name\":\"Lakua Foto\",\"description\":\"Fotograf\u00eda familiar\",\"publisher\":{\"@id\":\"https:\\\/\\\/www.lakuafoto.com\\\/#organization\"},\"potentialAction\":[{\"@type\":\"SearchAction\",\"target\":{\"@type\":\"EntryPoint\",\"urlTemplate\":\"https:\\\/\\\/www.lakuafoto.com\\\/?s={search_term_string}\"},\"query-input\":{\"@type\":\"PropertyValueSpecification\",\"valueRequired\":true,\"valueName\":\"search_term_string\"}}],\"inLanguage\":\"en-US\"},{\"@type\":\"Organization\",\"@id\":\"https:\\\/\\\/www.lakuafoto.com\\\/#organization\",\"name\":\"Lakua Foto\",\"url\":\"https:\\\/\\\/www.lakuafoto.com\\\/\",\"logo\":{\"@type\":\"ImageObject\",\"inLanguage\":\"en-US\",\"@id\":\"https:\\\/\\\/www.lakuafoto.com\\\/#\\\/schema\\\/logo\\\/image\\\/\",\"url\":\"https:\\\/\\\/www.lakuafoto.com\\\/wp-content\\\/uploads\\\/2025\\\/05\\\/logo.png\",\"contentUrl\":\"https:\\\/\\\/www.lakuafoto.com\\\/wp-content\\\/uploads\\\/2025\\\/05\\\/logo.png\",\"width\":1199,\"height\":577,\"caption\":\"Lakua Foto\"},\"image\":{\"@id\":\"https:\\\/\\\/www.lakuafoto.com\\\/#\\\/schema\\\/logo\\\/image\\\/\"},\"sameAs\":[\"https:\\\/\\\/www.facebook.com\\\/profile.php?id=61559546848017\",\"https:\\\/\\\/www.instagram.com\\\/lakuafoto\\\/\"]}]}<\/script>\n<!-- \/ Yoast SEO plugin. -->","yoast_head_json":{"title":"Who is Lidia - Lakua Foto","description":"Meet Lidia, the soul behind Lakua Foto. A relatable, creative photographer committed to intimacy, childhood, and sustainability in every image.","robots":{"index":"index","follow":"follow","max-snippet":"max-snippet:-1","max-image-preview":"max-image-preview:large","max-video-preview":"max-video-preview:-1"},"canonical":"https:\/\/www.lakuafoto.com\/en\/quien-es-lidia\/","og_locale":"en_US","og_type":"article","og_title":"Qui\u00e9n es Lidia - Lakua Foto","og_description":"Conoce a Lidia, el alma detr\u00e1s de Lakua Foto. Fot\u00f3grafa cercana, creativa y comprometida con la intimidad, la infancia y la sostenibilidad en cada imagen.","og_url":"https:\/\/www.lakuafoto.com\/en\/quien-es-lidia\/","og_site_name":"Lakua Foto","article_publisher":"https:\/\/www.facebook.com\/profile.php?id=61559546848017","article_modified_time":"2025-07-17T06:32:56+00:00","twitter_card":"summary_large_image","schema":{"@context":"https:\/\/schema.org","@graph":[{"@type":"WebPage","@id":"https:\/\/www.lakuafoto.com\/quien-es-lidia\/","url":"https:\/\/www.lakuafoto.com\/quien-es-lidia\/","name":"Who is Lidia - Lakua Foto","isPartOf":{"@id":"https:\/\/www.lakuafoto.com\/#website"},"datePublished":"2025-05-21T11:06:44+00:00","dateModified":"2025-07-17T06:32:56+00:00","description":"Meet Lidia, the soul behind Lakua Foto. A relatable, creative photographer committed to intimacy, childhood, and sustainability in every image.","breadcrumb":{"@id":"https:\/\/www.lakuafoto.com\/quien-es-lidia\/#breadcrumb"},"inLanguage":"en-US","potentialAction":[{"@type":"ReadAction","target":["https:\/\/www.lakuafoto.com\/quien-es-lidia\/"]}]},{"@type":"BreadcrumbList","@id":"https:\/\/www.lakuafoto.com\/quien-es-lidia\/#breadcrumb","itemListElement":[{"@type":"ListItem","position":1,"name":"Inicio","item":"https:\/\/www.lakuafoto.com\/"},{"@type":"ListItem","position":2,"name":"Qui\u00e9n es Lidia"}]},{"@type":"WebSite","@id":"https:\/\/www.lakuafoto.com\/#website","url":"https:\/\/www.lakuafoto.com\/","name":"Lakua Foto","description":"Family photography","publisher":{"@id":"https:\/\/www.lakuafoto.com\/#organization"},"potentialAction":[{"@type":"SearchAction","target":{"@type":"EntryPoint","urlTemplate":"https:\/\/www.lakuafoto.com\/?s={search_term_string}"},"query-input":{"@type":"PropertyValueSpecification","valueRequired":true,"valueName":"search_term_string"}}],"inLanguage":"en-US"},{"@type":"Organization","@id":"https:\/\/www.lakuafoto.com\/#organization","name":"Lakua Foto","url":"https:\/\/www.lakuafoto.com\/","logo":{"@type":"ImageObject","inLanguage":"en-US","@id":"https:\/\/www.lakuafoto.com\/#\/schema\/logo\/image\/","url":"https:\/\/www.lakuafoto.com\/wp-content\/uploads\/2025\/05\/logo.png","contentUrl":"https:\/\/www.lakuafoto.com\/wp-content\/uploads\/2025\/05\/logo.png","width":1199,"height":577,"caption":"Lakua Foto"},"image":{"@id":"https:\/\/www.lakuafoto.com\/#\/schema\/logo\/image\/"},"sameAs":["https:\/\/www.facebook.com\/profile.php?id=61559546848017","https:\/\/www.instagram.com\/lakuafoto\/"]}]}},"_links":{"self":[{"href":"https:\/\/www.lakuafoto.com\/en\/wp-json\/wp\/v2\/pages\/423","targetHints":{"allow":["GET"]}}],"collection":[{"href":"https:\/\/www.lakuafoto.com\/en\/wp-json\/wp\/v2\/pages"}],"about":[{"href":"https:\/\/www.lakuafoto.com\/en\/wp-json\/wp\/v2\/types\/page"}],"author":[{"embeddable":true,"href":"https:\/\/www.lakuafoto.com\/en\/wp-json\/wp\/v2\/users\/1"}],"replies":[{"embeddable":true,"href":"https:\/\/www.lakuafoto.com\/en\/wp-json\/wp\/v2\/comments?post=423"}],"version-history":[{"count":32,"href":"https:\/\/www.lakuafoto.com\/en\/wp-json\/wp\/v2\/pages\/423\/revisions"}],"predecessor-version":[{"id":1194,"href":"https:\/\/www.lakuafoto.com\/en\/wp-json\/wp\/v2\/pages\/423\/revisions\/1194"}],"wp:attachment":[{"href":"https:\/\/www.lakuafoto.com\/en\/wp-json\/wp\/v2\/media?parent=423"}],"curies":[{"name":"wp","href":"https:\/\/api.w.org\/{rel}","templated":true}]}}