{"id":425,"date":"2025-05-21T13:06:58","date_gmt":"2025-05-21T11:06:58","guid":{"rendered":"https:\/\/www.lakuafoto.com\/?page_id=425"},"modified":"2025-07-17T08:33:45","modified_gmt":"2025-07-17T06:33:45","slug":"filosofia","status":"publish","type":"page","link":"https:\/\/www.lakuafoto.com\/en\/filosofia\/","title":{"rendered":"Philosophy"},"content":{"rendered":"<div data-elementor-type=\"wp-page\" data-elementor-id=\"425\" class=\"elementor elementor-425\" data-elementor-post-type=\"page\">\n\t\t\t\t<div class=\"elementor-element elementor-element-4bb4788 e-flex e-con-boxed e-con e-parent\" data-id=\"4bb4788\" data-element_type=\"container\" data-e-type=\"container\" data-settings=\"{&quot;background_background&quot;:&quot;classic&quot;}\">\n\t\t\t\t\t<div class=\"e-con-inner\">\n\t\t\t\t\t<\/div>\n\t\t\t\t<\/div>\n\t\t<div class=\"elementor-element elementor-element-14f77917 e-flex e-con-boxed e-con e-parent\" data-id=\"14f77917\" data-element_type=\"container\" data-e-type=\"container\" data-settings=\"{&quot;background_background&quot;:&quot;classic&quot;}\">\n\t\t\t\t\t<div class=\"e-con-inner\">\n\t\t\t\t<div class=\"elementor-element elementor-element-4d932d88 elementor-widget elementor-widget-icon-box\" data-id=\"4d932d88\" data-element_type=\"widget\" data-e-type=\"widget\" data-widget_type=\"icon-box.default\">\n\t\t\t\t<div class=\"elementor-widget-container\">\n\t\t\t\t\t\t\t<div class=\"elementor-icon-box-wrapper\">\n\n\t\t\t\n\t\t\t\t\t\t<div class=\"elementor-icon-box-content\">\n\n\t\t\t\t\t\t\t\t\t<h1 class=\"elementor-icon-box-title\">\n\t\t\t\t\t\t<span  >\n\t\t\t\t\t\t\tOur Philosophy\t\t\t\t\t\t<\/span>\n\t\t\t\t\t<\/h1>\n\t\t\t\t\n\t\t\t\t\t\t\t\t\t<p class=\"elementor-icon-box-description\">\n\t\t\t\t\t\tPhotography with soul, respect, and responsibility. Because every detail counts.\t\t\t\t\t<\/p>\n\t\t\t\t\n\t\t\t<\/div>\n\t\t\t\n\t\t<\/div>\n\t\t\t\t\t\t<\/div>\n\t\t\t\t<\/div>\n\t\t\t\t\t<\/div>\n\t\t\t\t<\/div>\n\t\t<div class=\"elementor-element elementor-element-6022f8a2 e-flex e-con-boxed e-con e-parent\" data-id=\"6022f8a2\" data-element_type=\"container\" data-e-type=\"container\">\n\t\t\t\t\t<div class=\"e-con-inner\">\n\t\t\t\t<div class=\"elementor-element elementor-element-49c38bd7 elementor-widget__width-initial elementor-widget-tablet__width-inherit elementor-widget elementor-widget-icon-box\" data-id=\"49c38bd7\" data-element_type=\"widget\" data-e-type=\"widget\" data-widget_type=\"icon-box.default\">\n\t\t\t\t<div class=\"elementor-widget-container\">\n\t\t\t\t\t\t\t<div class=\"elementor-icon-box-wrapper\">\n\n\t\t\t\n\t\t\t\t\t\t<div class=\"elementor-icon-box-content\">\n\n\t\t\t\t\t\t\t\t\t<h2 class=\"elementor-icon-box-title\">\n\t\t\t\t\t\t<span  >\n\t\t\t\t\t\t\tPrivacy, sustainability and purpose\t\t\t\t\t\t<\/span>\n\t\t\t\t\t<\/h2>\n\t\t\t\t\n\t\t\t\t\t\t\t\t\t<p class=\"elementor-icon-box-description\">\n\t\t\t\t\t\tWe believe that taking photos is not just about pressing a button, but also about respecting what those images mean. <br><br>\n\nThat&#039;s why we carefully protect the privacy of our little ones and never show their faces on social media, the web, or in storefronts. <br><br>\n\nFurthermore, we work every day to make our operations as sustainable as possible: we reuse materials, assess the impact of each product, and make decisions with the planet in mind. <br><br>\n\nWe want our images to speak beautifully about the world\u2026 and also to take care of it.\t\t\t\t\t<\/p>\n\t\t\t\t\n\t\t\t<\/div>\n\t\t\t\n\t\t<\/div>\n\t\t\t\t\t\t<\/div>\n\t\t\t\t<\/div>\n\t\t\t\t<div class=\"elementor-element elementor-element-4c7f709c elementor-widget__width-initial elementor-widget-tablet__width-inherit elementor-invisible elementor-widget elementor-widget-image\" data-id=\"4c7f709c\" data-element_type=\"widget\" data-e-type=\"widget\" data-settings=\"{&quot;_animation&quot;:&quot;zoomIn&quot;}\" data-widget_type=\"image.default\">\n\t\t\t\t<div class=\"elementor-widget-container\">\n\t\t\t\t\t\t\t\t\t\t\t\t\t\t\t<img fetchpriority=\"high\" decoding=\"async\" width=\"800\" height=\"800\" src=\"https:\/\/www.lakuafoto.com\/wp-content\/uploads\/2025\/05\/recycling-symbol-people-s-hands-hold-the-symbol-of-2025-01-08-04-14-09-utc-1024x1024.jpg\" class=\"attachment-large size-large wp-image-707\" alt=\"Recycling\" srcset=\"https:\/\/www.lakuafoto.com\/wp-content\/uploads\/2025\/05\/recycling-symbol-people-s-hands-hold-the-symbol-of-2025-01-08-04-14-09-utc-1024x1024.jpg 1024w, https:\/\/www.lakuafoto.com\/wp-content\/uploads\/2025\/05\/recycling-symbol-people-s-hands-hold-the-symbol-of-2025-01-08-04-14-09-utc-300x300.jpg 300w, https:\/\/www.lakuafoto.com\/wp-content\/uploads\/2025\/05\/recycling-symbol-people-s-hands-hold-the-symbol-of-2025-01-08-04-14-09-utc-150x150.jpg 150w, https:\/\/www.lakuafoto.com\/wp-content\/uploads\/2025\/05\/recycling-symbol-people-s-hands-hold-the-symbol-of-2025-01-08-04-14-09-utc-768x768.jpg 768w, https:\/\/www.lakuafoto.com\/wp-content\/uploads\/2025\/05\/recycling-symbol-people-s-hands-hold-the-symbol-of-2025-01-08-04-14-09-utc-12x12.jpg 12w, https:\/\/www.lakuafoto.com\/wp-content\/uploads\/2025\/05\/recycling-symbol-people-s-hands-hold-the-symbol-of-2025-01-08-04-14-09-utc.jpg 1200w\" sizes=\"(max-width: 800px) 100vw, 800px\" \/>\t\t\t\t\t\t\t\t\t\t\t\t\t\t\t<\/div>\n\t\t\t\t<\/div>\n\t\t\t\t\t<\/div>\n\t\t\t\t<\/div>\n\t\t<div class=\"elementor-element elementor-element-697e55c8 e-grid e-con-boxed e-con e-parent\" data-id=\"697e55c8\" data-element_type=\"container\" data-e-type=\"container\">\n\t\t\t\t\t<div class=\"e-con-inner\">\n\t\t\t\t<div class=\"elementor-element elementor-element-6fd875c6 elementor-cta--layout-image-left elementor-cta--mobile-layout-image-above elementor-cta--valign-middle elementor-cta--skin-classic elementor-animated-content elementor-bg-transform elementor-bg-transform-zoom-in elementor-invisible elementor-widget elementor-widget-call-to-action\" data-id=\"6fd875c6\" data-element_type=\"widget\" data-e-type=\"widget\" data-settings=\"{&quot;_animation&quot;:&quot;fadeInUp&quot;}\" data-widget_type=\"call-to-action.default\">\n\t\t\t\t<div class=\"elementor-widget-container\">\n\t\t\t\t\t\t\t<div class=\"elementor-cta\">\n\t\t\t\t\t<div class=\"elementor-cta__bg-wrapper\">\n\t\t\t\t<div class=\"elementor-cta__bg elementor-bg\" style=\"background-image: url(https:\/\/www.lakuafoto.com\/wp-content\/uploads\/2025\/07\/PrivacidadInfantil-887x1024.jpg);\" role=\"img\" aria-label=\"Children&#039;s Privacy\"><\/div>\n\t\t\t\t<div class=\"elementor-cta__bg-overlay\"><\/div>\n\t\t\t<\/div>\n\t\t\t\t\t\t\t<div class=\"elementor-cta__content\">\n\t\t\t\t\n\t\t\t\t\t\t\t\t\t<h2 class=\"elementor-cta__title elementor-cta__content-item elementor-content-item\">\n\t\t\t\t\t\tChildren&#039;s Privacy\t\t\t\t\t<\/h2>\n\t\t\t\t\n\t\t\t\t\t\t\t\t\t<div class=\"elementor-cta__description elementor-cta__content-item elementor-content-item\">\n\t\t\t\t\t\tWe never show the faces of minors in public or digital spaces. Their privacy comes first.\t\t\t\t\t<\/div>\n\t\t\t\t\n\t\t\t\t\t\t\t<\/div>\n\t\t\t\t\t\t<\/div>\n\t\t\t\t\t\t<\/div>\n\t\t\t\t<\/div>\n\t\t\t\t<div class=\"elementor-element elementor-element-44f0a62b elementor-cta--layout-image-left elementor-cta--mobile-layout-image-above elementor-cta--valign-middle animated-slow elementor-cta--skin-classic elementor-animated-content elementor-bg-transform elementor-bg-transform-zoom-in elementor-invisible elementor-widget elementor-widget-call-to-action\" data-id=\"44f0a62b\" data-element_type=\"widget\" data-e-type=\"widget\" data-settings=\"{&quot;_animation&quot;:&quot;fadeInUp&quot;}\" data-widget_type=\"call-to-action.default\">\n\t\t\t\t<div class=\"elementor-widget-container\">\n\t\t\t\t\t\t\t<div class=\"elementor-cta\">\n\t\t\t\t\t<div class=\"elementor-cta__bg-wrapper\">\n\t\t\t\t<div class=\"elementor-cta__bg elementor-bg\" style=\"background-image: url(https:\/\/www.lakuafoto.com\/wp-content\/uploads\/2025\/05\/unpacking-a-box-with-parcels-in-kraft-paper-and-ti-2025-01-10-11-14-51-utc-1024x1024.jpg);\" role=\"img\" aria-label=\"Recyclable package\"><\/div>\n\t\t\t\t<div class=\"elementor-cta__bg-overlay\"><\/div>\n\t\t\t<\/div>\n\t\t\t\t\t\t\t<div class=\"elementor-cta__content\">\n\t\t\t\t\n\t\t\t\t\t\t\t\t\t<h2 class=\"elementor-cta__title elementor-cta__content-item elementor-content-item\">\n\t\t\t\t\t\tConscious recycling\t\t\t\t\t<\/h2>\n\t\t\t\t\n\t\t\t\t\t\t\t\t\t<div class=\"elementor-cta__description elementor-cta__content-item elementor-content-item\">\n\t\t\t\t\t\tWe reuse everything possible: envelopes, packaging, boxes... Every little helps.\t\t\t\t\t<\/div>\n\t\t\t\t\n\t\t\t\t\t\t\t<\/div>\n\t\t\t\t\t\t<\/div>\n\t\t\t\t\t\t<\/div>\n\t\t\t\t<\/div>\n\t\t\t\t<div class=\"elementor-element elementor-element-123ade9c elementor-cta--layout-image-left elementor-cta--mobile-layout-image-above elementor-cta--valign-middle elementor-cta--skin-classic elementor-animated-content elementor-bg-transform elementor-bg-transform-zoom-in elementor-invisible elementor-widget elementor-widget-call-to-action\" data-id=\"123ade9c\" data-element_type=\"widget\" data-e-type=\"widget\" data-settings=\"{&quot;_animation&quot;:&quot;fadeInUp&quot;}\" data-widget_type=\"call-to-action.default\">\n\t\t\t\t<div class=\"elementor-widget-container\">\n\t\t\t\t\t\t\t<div class=\"elementor-cta\">\n\t\t\t\t\t<div class=\"elementor-cta__bg-wrapper\">\n\t\t\t\t<div class=\"elementor-cta__bg elementor-bg\" style=\"background-image: url(https:\/\/www.lakuafoto.com\/wp-content\/uploads\/2025\/05\/luxury-wooden-photo-book-on-natural-background-fa-2025-03-14-18-26-23-utc-1024x683.jpg);\" role=\"img\" aria-label=\"Photo album\"><\/div>\n\t\t\t\t<div class=\"elementor-cta__bg-overlay\"><\/div>\n\t\t\t<\/div>\n\t\t\t\t\t\t\t<div class=\"elementor-cta__content\">\n\t\t\t\t\n\t\t\t\t\t\t\t\t\t<h2 class=\"elementor-cta__title elementor-cta__content-item elementor-content-item\">\n\t\t\t\t\t\tResponsible products\t\t\t\t\t<\/h2>\n\t\t\t\t\n\t\t\t\t\t\t\t\t\t<div class=\"elementor-cta__description elementor-cta__content-item elementor-content-item\">\n\t\t\t\t\t\tWe select our products based on their origin, materials, and ecological footprint.\t\t\t\t\t<\/div>\n\t\t\t\t\n\t\t\t\t\t\t\t<\/div>\n\t\t\t\t\t\t<\/div>\n\t\t\t\t\t\t<\/div>\n\t\t\t\t<\/div>\n\t\t\t\t<div class=\"elementor-element elementor-element-53926d0d elementor-cta--layout-image-left elementor-cta--mobile-layout-image-above elementor-cta--valign-middle animated-slow elementor-cta--skin-classic elementor-animated-content elementor-bg-transform elementor-bg-transform-zoom-in elementor-invisible elementor-widget elementor-widget-call-to-action\" data-id=\"53926d0d\" data-element_type=\"widget\" data-e-type=\"widget\" data-settings=\"{&quot;_animation&quot;:&quot;fadeInUp&quot;}\" data-widget_type=\"call-to-action.default\">\n\t\t\t\t<div class=\"elementor-widget-container\">\n\t\t\t\t\t\t\t<div class=\"elementor-cta\">\n\t\t\t\t\t<div class=\"elementor-cta__bg-wrapper\">\n\t\t\t\t<div class=\"elementor-cta__bg elementor-bg\" style=\"background-image: url(https:\/\/www.lakuafoto.com\/wp-content\/uploads\/2025\/05\/female-legs-with-2-arrows-and-question-mark-paint-2024-12-08-02-40-46-utc-1024x683.jpg);\" role=\"img\" aria-label=\"Decisions\"><\/div>\n\t\t\t\t<div class=\"elementor-cta__bg-overlay\"><\/div>\n\t\t\t<\/div>\n\t\t\t\t\t\t\t<div class=\"elementor-cta__content\">\n\t\t\t\t\n\t\t\t\t\t\t\t\t\t<h2 class=\"elementor-cta__title elementor-cta__content-item elementor-content-item\">\n\t\t\t\t\t\tDecisions with meaning\t\t\t\t\t<\/h2>\n\t\t\t\t\n\t\t\t\t\t\t\t\t\t<div class=\"elementor-cta__description elementor-cta__content-item elementor-content-item\">\n\t\t\t\t\t\tFrom the selection of suppliers to the lighting of the venue, everything is considered with both head and heart.\n\t\t\t\t\t<\/div>\n\t\t\t\t\n\t\t\t\t\t\t\t<\/div>\n\t\t\t\t\t\t<\/div>\n\t\t\t\t\t\t<\/div>\n\t\t\t\t<\/div>\n\t\t\t\t\t<\/div>\n\t\t\t\t<\/div>\n\t\t<div class=\"elementor-element elementor-element-226f2188 e-con-full e-flex e-con e-parent\" data-id=\"226f2188\" data-element_type=\"container\" data-e-type=\"container\">\n\t\t\t\t<div class=\"elementor-element elementor-element-290c59b7 elementor-widget elementor-widget-template\" data-id=\"290c59b7\" data-element_type=\"widget\" data-e-type=\"widget\" data-widget_type=\"template.default\">\n\t\t\t\t<div class=\"elementor-widget-container\">\n\t\t\t\t\t\t\t<div class=\"elementor-template\">\n\t\t\t\t\t<div data-elementor-type=\"container\" data-elementor-id=\"591\" class=\"elementor elementor-591\" data-elementor-post-type=\"elementor_library\">\n\t\t\t\t<div class=\"elementor-element elementor-element-3ff8b7d5 e-flex e-con-boxed e-con e-parent\" data-id=\"3ff8b7d5\" data-element_type=\"container\" data-e-type=\"container\" data-settings=\"{&quot;background_background&quot;:&quot;classic&quot;}\">\n\t\t\t\t\t<div class=\"e-con-inner\">\n\t\t\t\t<div class=\"elementor-element elementor-element-505b78d4 elementor-view-default elementor-position-block-start elementor-mobile-position-block-start elementor-widget elementor-widget-icon-box\" data-id=\"505b78d4\" data-element_type=\"widget\" data-e-type=\"widget\" data-widget_type=\"icon-box.default\">\n\t\t\t\t<div class=\"elementor-widget-container\">\n\t\t\t\t\t\t\t<div class=\"elementor-icon-box-wrapper\">\n\n\t\t\t\t\t\t<div class=\"elementor-icon-box-icon\">\n\t\t\t\t<span  class=\"elementor-icon\">\n\t\t\t\t<i aria-hidden=\"true\" class=\"fas fa-camera\"><\/i>\t\t\t\t<\/span>\n\t\t\t<\/div>\n\t\t\t\n\t\t\t\t\t\t<div class=\"elementor-icon-box-content\">\n\n\t\t\t\t\t\t\t\t\t<h2 class=\"elementor-icon-box-title\">\n\t\t\t\t\t\t<span  >\n\t\t\t\t\t\t\tBook your session or visit us. Do you have an idea in mind?\t\t\t\t\t\t<\/span>\n\t\t\t\t\t<\/h2>\n\t\t\t\t\n\t\t\t\t\t\t\t\t\t<p class=\"elementor-icon-box-description\">\n\t\t\t\t\t\tThere is no small moment when it comes to capturing memories.<br><br>\n\nWhether it&#039;s for a family session, a communion photo shoot, or simply printing your favorite photos, at Lakua Foto we&#039;re here to help you every step of the way. \t\t\t\t\t<\/p>\n\t\t\t\t\n\t\t\t<\/div>\n\t\t\t\n\t\t<\/div>\n\t\t\t\t\t\t<\/div>\n\t\t\t\t<\/div>\n\t\t\t\t<div class=\"elementor-element elementor-element-b35ccf3 elementor-align-justify elementor-mobile-align-justify elementor-widget__width-inherit elementor-widget elementor-widget-button\" data-id=\"b35ccf3\" data-element_type=\"widget\" data-e-type=\"widget\" data-widget_type=\"button.default\">\n\t\t\t\t<div class=\"elementor-widget-container\">\n\t\t\t\t\t\t\t\t\t<div class=\"elementor-button-wrapper\">\n\t\t\t\t\t<a class=\"elementor-button elementor-button-link elementor-size-sm\" href=\"https:\/\/www.lakuafoto.com\/en\/contacto\/\">\n\t\t\t\t\t\t<span class=\"elementor-button-content-wrapper\">\n\t\t\t\t\t\t<span class=\"elementor-button-icon\">\n\t\t\t\t<i aria-hidden=\"true\" class=\"fas fa-camera\"><\/i>\t\t\t<\/span>\n\t\t\t\t\t\t\t\t\t<span class=\"elementor-button-text\">Contact<\/span>\n\t\t\t\t\t<\/span>\n\t\t\t\t\t<\/a>\n\t\t\t\t<\/div>\n\t\t\t\t\t\t\t\t<\/div>\n\t\t\t\t<\/div>\n\t\t\t\t<div class=\"elementor-element elementor-element-e527c2e elementor-icon-list--layout-inline elementor-align-center elementor-mobile-align-center elementor-list-item-link-full_width elementor-widget elementor-widget-icon-list\" data-id=\"e527c2e\" data-element_type=\"widget\" data-e-type=\"widget\" data-widget_type=\"icon-list.default\">\n\t\t\t\t<div class=\"elementor-widget-container\">\n\t\t\t\t\t\t\t<ul class=\"elementor-icon-list-items elementor-inline-items\">\n\t\t\t\t\t\t\t<li class=\"elementor-icon-list-item elementor-inline-item\">\n\t\t\t\t\t\t\t\t\t\t\t<a href=\"tel:685786740\">\n\n\t\t\t\t\t\t\t\t\t\t\t\t<span class=\"elementor-icon-list-icon\">\n\t\t\t\t\t\t\t<i aria-hidden=\"true\" class=\"fas fa-phone\"><\/i>\t\t\t\t\t\t<\/span>\n\t\t\t\t\t\t\t\t\t\t<span class=\"elementor-icon-list-text\">685 786 740<\/span>\n\t\t\t\t\t\t\t\t\t\t\t<\/a>\n\t\t\t\t\t\t\t\t\t<\/li>\n\t\t\t\t\t\t\t\t<li class=\"elementor-icon-list-item elementor-inline-item\">\n\t\t\t\t\t\t\t\t\t\t\t<a href=\"mailto:lakuafoto@gmail.com\">\n\n\t\t\t\t\t\t\t\t\t\t\t\t<span class=\"elementor-icon-list-icon\">\n\t\t\t\t\t\t\t<i aria-hidden=\"true\" class=\"fas fa-envelope\"><\/i>\t\t\t\t\t\t<\/span>\n\t\t\t\t\t\t\t\t\t\t<span class=\"elementor-icon-list-text\">lakuafoto@gmail.com<\/span>\n\t\t\t\t\t\t\t\t\t\t\t<\/a>\n\t\t\t\t\t\t\t\t\t<\/li>\n\t\t\t\t\t\t<\/ul>\n\t\t\t\t\t\t<\/div>\n\t\t\t\t<\/div>\n\t\t\t\t\t<\/div>\n\t\t\t\t<\/div>\n\t\t\t\t<\/div>\n\t\t\t\t<\/div>\n\t\t\t\t\t\t<\/div>\n\t\t\t\t<\/div>\n\t\t\t\t<\/div>\n\t\t\t\t<\/div>","protected":false},"excerpt":{"rendered":"<p>Nuestra Filosof\u00eda Fotograf\u00eda con alma, respeto y responsabilidad. Porque cada detalle cuenta. Privacidad, sostenibilidad y prop\u00f3sito creemos que hacer fotos no es solo apretar un bot\u00f3n, sino tambi\u00e9n respetar lo que esas im\u00e1genes significan. Por eso, cuidamos con mimo la intimidad de los m\u00e1s peque\u00f1os y nunca mostramos sus rostros en redes, web o escaparates. [&hellip;]<\/p>\n","protected":false},"author":1,"featured_media":0,"parent":0,"menu_order":3,"comment_status":"closed","ping_status":"closed","template":"","meta":{"_joinchat":[],"footnotes":""},"class_list":["post-425","page","type-page","status-publish","hentry"],"yoast_head":"<!-- This site is optimized with the Yoast SEO plugin v27.4 - https:\/\/yoast.com\/product\/yoast-seo-wordpress\/ -->\n<title>Filosof\u00eda - Lakua Foto<\/title>\n<meta name=\"description\" content=\"Fotograf\u00eda consciente, \u00e9tica y natural, con enfoque en la privacidad, el respeto a la infancia y el cuidado del planeta.\" \/>\n<meta name=\"robots\" content=\"index, follow, max-snippet:-1, max-image-preview:large, max-video-preview:-1\" \/>\n<link rel=\"canonical\" href=\"https:\/\/www.lakuafoto.com\/en\/filosofia\/\" \/>\n<meta property=\"og:locale\" content=\"en_US\" \/>\n<meta property=\"og:type\" content=\"article\" \/>\n<meta property=\"og:title\" content=\"Filosof\u00eda - Lakua Foto\" \/>\n<meta property=\"og:description\" content=\"Fotograf\u00eda consciente, \u00e9tica y natural, con enfoque en la privacidad, el respeto a la infancia y el cuidado del planeta.\" \/>\n<meta property=\"og:url\" content=\"https:\/\/www.lakuafoto.com\/en\/filosofia\/\" \/>\n<meta property=\"og:site_name\" content=\"Lakua Foto\" \/>\n<meta property=\"article:publisher\" content=\"https:\/\/www.facebook.com\/profile.php?id=61559546848017\" \/>\n<meta property=\"article:modified_time\" content=\"2025-07-17T06:33:45+00:00\" \/>\n<meta property=\"og:image\" content=\"https:\/\/www.lakuafoto.com\/wp-content\/uploads\/2025\/05\/recycling-symbol-people-s-hands-hold-the-symbol-of-2025-01-08-04-14-09-utc.jpg\" \/>\n\t<meta property=\"og:image:width\" content=\"1200\" \/>\n\t<meta property=\"og:image:height\" content=\"1200\" \/>\n\t<meta property=\"og:image:type\" content=\"image\/jpeg\" \/>\n<meta name=\"twitter:card\" content=\"summary_large_image\" \/>\n<script type=\"application\/ld+json\" class=\"yoast-schema-graph\">{\"@context\":\"https:\\\/\\\/schema.org\",\"@graph\":[{\"@type\":\"WebPage\",\"@id\":\"https:\\\/\\\/www.lakuafoto.com\\\/filosofia\\\/\",\"url\":\"https:\\\/\\\/www.lakuafoto.com\\\/filosofia\\\/\",\"name\":\"Filosof\u00eda - Lakua Foto\",\"isPartOf\":{\"@id\":\"https:\\\/\\\/www.lakuafoto.com\\\/#website\"},\"primaryImageOfPage\":{\"@id\":\"https:\\\/\\\/www.lakuafoto.com\\\/filosofia\\\/#primaryimage\"},\"image\":{\"@id\":\"https:\\\/\\\/www.lakuafoto.com\\\/filosofia\\\/#primaryimage\"},\"thumbnailUrl\":\"https:\\\/\\\/www.lakuafoto.com\\\/wp-content\\\/uploads\\\/2025\\\/05\\\/recycling-symbol-people-s-hands-hold-the-symbol-of-2025-01-08-04-14-09-utc-1024x1024.jpg\",\"datePublished\":\"2025-05-21T11:06:58+00:00\",\"dateModified\":\"2025-07-17T06:33:45+00:00\",\"description\":\"Fotograf\u00eda consciente, \u00e9tica y natural, con enfoque en la privacidad, el respeto a la infancia y el cuidado del planeta.\",\"breadcrumb\":{\"@id\":\"https:\\\/\\\/www.lakuafoto.com\\\/filosofia\\\/#breadcrumb\"},\"inLanguage\":\"en-US\",\"potentialAction\":[{\"@type\":\"ReadAction\",\"target\":[\"https:\\\/\\\/www.lakuafoto.com\\\/filosofia\\\/\"]}]},{\"@type\":\"ImageObject\",\"inLanguage\":\"en-US\",\"@id\":\"https:\\\/\\\/www.lakuafoto.com\\\/filosofia\\\/#primaryimage\",\"url\":\"https:\\\/\\\/www.lakuafoto.com\\\/wp-content\\\/uploads\\\/2025\\\/05\\\/recycling-symbol-people-s-hands-hold-the-symbol-of-2025-01-08-04-14-09-utc-1024x1024.jpg\",\"contentUrl\":\"https:\\\/\\\/www.lakuafoto.com\\\/wp-content\\\/uploads\\\/2025\\\/05\\\/recycling-symbol-people-s-hands-hold-the-symbol-of-2025-01-08-04-14-09-utc-1024x1024.jpg\"},{\"@type\":\"BreadcrumbList\",\"@id\":\"https:\\\/\\\/www.lakuafoto.com\\\/filosofia\\\/#breadcrumb\",\"itemListElement\":[{\"@type\":\"ListItem\",\"position\":1,\"name\":\"Inicio\",\"item\":\"https:\\\/\\\/www.lakuafoto.com\\\/\"},{\"@type\":\"ListItem\",\"position\":2,\"name\":\"Filosof\u00eda\"}]},{\"@type\":\"WebSite\",\"@id\":\"https:\\\/\\\/www.lakuafoto.com\\\/#website\",\"url\":\"https:\\\/\\\/www.lakuafoto.com\\\/\",\"name\":\"Lakua Foto\",\"description\":\"Fotograf\u00eda familiar\",\"publisher\":{\"@id\":\"https:\\\/\\\/www.lakuafoto.com\\\/#organization\"},\"potentialAction\":[{\"@type\":\"SearchAction\",\"target\":{\"@type\":\"EntryPoint\",\"urlTemplate\":\"https:\\\/\\\/www.lakuafoto.com\\\/?s={search_term_string}\"},\"query-input\":{\"@type\":\"PropertyValueSpecification\",\"valueRequired\":true,\"valueName\":\"search_term_string\"}}],\"inLanguage\":\"en-US\"},{\"@type\":\"Organization\",\"@id\":\"https:\\\/\\\/www.lakuafoto.com\\\/#organization\",\"name\":\"Lakua Foto\",\"url\":\"https:\\\/\\\/www.lakuafoto.com\\\/\",\"logo\":{\"@type\":\"ImageObject\",\"inLanguage\":\"en-US\",\"@id\":\"https:\\\/\\\/www.lakuafoto.com\\\/#\\\/schema\\\/logo\\\/image\\\/\",\"url\":\"https:\\\/\\\/www.lakuafoto.com\\\/wp-content\\\/uploads\\\/2025\\\/05\\\/logo.png\",\"contentUrl\":\"https:\\\/\\\/www.lakuafoto.com\\\/wp-content\\\/uploads\\\/2025\\\/05\\\/logo.png\",\"width\":1199,\"height\":577,\"caption\":\"Lakua Foto\"},\"image\":{\"@id\":\"https:\\\/\\\/www.lakuafoto.com\\\/#\\\/schema\\\/logo\\\/image\\\/\"},\"sameAs\":[\"https:\\\/\\\/www.facebook.com\\\/profile.php?id=61559546848017\",\"https:\\\/\\\/www.instagram.com\\\/lakuafoto\\\/\"]}]}<\/script>\n<!-- \/ Yoast SEO plugin. -->","yoast_head_json":{"title":"Philosophy - Lakua Foto","description":"Conscious, ethical, and natural photography, with a focus on privacy, respect for children, and care for the planet.","robots":{"index":"index","follow":"follow","max-snippet":"max-snippet:-1","max-image-preview":"max-image-preview:large","max-video-preview":"max-video-preview:-1"},"canonical":"https:\/\/www.lakuafoto.com\/en\/filosofia\/","og_locale":"en_US","og_type":"article","og_title":"Filosof\u00eda - Lakua Foto","og_description":"Fotograf\u00eda consciente, \u00e9tica y natural, con enfoque en la privacidad, el respeto a la infancia y el cuidado del planeta.","og_url":"https:\/\/www.lakuafoto.com\/en\/filosofia\/","og_site_name":"Lakua Foto","article_publisher":"https:\/\/www.facebook.com\/profile.php?id=61559546848017","article_modified_time":"2025-07-17T06:33:45+00:00","og_image":[{"width":1200,"height":1200,"url":"https:\/\/www.lakuafoto.com\/wp-content\/uploads\/2025\/05\/recycling-symbol-people-s-hands-hold-the-symbol-of-2025-01-08-04-14-09-utc.jpg","type":"image\/jpeg"}],"twitter_card":"summary_large_image","schema":{"@context":"https:\/\/schema.org","@graph":[{"@type":"WebPage","@id":"https:\/\/www.lakuafoto.com\/filosofia\/","url":"https:\/\/www.lakuafoto.com\/filosofia\/","name":"Philosophy - Lakua Foto","isPartOf":{"@id":"https:\/\/www.lakuafoto.com\/#website"},"primaryImageOfPage":{"@id":"https:\/\/www.lakuafoto.com\/filosofia\/#primaryimage"},"image":{"@id":"https:\/\/www.lakuafoto.com\/filosofia\/#primaryimage"},"thumbnailUrl":"https:\/\/www.lakuafoto.com\/wp-content\/uploads\/2025\/05\/recycling-symbol-people-s-hands-hold-the-symbol-of-2025-01-08-04-14-09-utc-1024x1024.jpg","datePublished":"2025-05-21T11:06:58+00:00","dateModified":"2025-07-17T06:33:45+00:00","description":"Conscious, ethical, and natural photography, with a focus on privacy, respect for children, and care for the planet.","breadcrumb":{"@id":"https:\/\/www.lakuafoto.com\/filosofia\/#breadcrumb"},"inLanguage":"en-US","potentialAction":[{"@type":"ReadAction","target":["https:\/\/www.lakuafoto.com\/filosofia\/"]}]},{"@type":"ImageObject","inLanguage":"en-US","@id":"https:\/\/www.lakuafoto.com\/filosofia\/#primaryimage","url":"https:\/\/www.lakuafoto.com\/wp-content\/uploads\/2025\/05\/recycling-symbol-people-s-hands-hold-the-symbol-of-2025-01-08-04-14-09-utc-1024x1024.jpg","contentUrl":"https:\/\/www.lakuafoto.com\/wp-content\/uploads\/2025\/05\/recycling-symbol-people-s-hands-hold-the-symbol-of-2025-01-08-04-14-09-utc-1024x1024.jpg"},{"@type":"BreadcrumbList","@id":"https:\/\/www.lakuafoto.com\/filosofia\/#breadcrumb","itemListElement":[{"@type":"ListItem","position":1,"name":"Inicio","item":"https:\/\/www.lakuafoto.com\/"},{"@type":"ListItem","position":2,"name":"Filosof\u00eda"}]},{"@type":"WebSite","@id":"https:\/\/www.lakuafoto.com\/#website","url":"https:\/\/www.lakuafoto.com\/","name":"Lakua Foto","description":"Family photography","publisher":{"@id":"https:\/\/www.lakuafoto.com\/#organization"},"potentialAction":[{"@type":"SearchAction","target":{"@type":"EntryPoint","urlTemplate":"https:\/\/www.lakuafoto.com\/?s={search_term_string}"},"query-input":{"@type":"PropertyValueSpecification","valueRequired":true,"valueName":"search_term_string"}}],"inLanguage":"en-US"},{"@type":"Organization","@id":"https:\/\/www.lakuafoto.com\/#organization","name":"Lakua Foto","url":"https:\/\/www.lakuafoto.com\/","logo":{"@type":"ImageObject","inLanguage":"en-US","@id":"https:\/\/www.lakuafoto.com\/#\/schema\/logo\/image\/","url":"https:\/\/www.lakuafoto.com\/wp-content\/uploads\/2025\/05\/logo.png","contentUrl":"https:\/\/www.lakuafoto.com\/wp-content\/uploads\/2025\/05\/logo.png","width":1199,"height":577,"caption":"Lakua Foto"},"image":{"@id":"https:\/\/www.lakuafoto.com\/#\/schema\/logo\/image\/"},"sameAs":["https:\/\/www.facebook.com\/profile.php?id=61559546848017","https:\/\/www.instagram.com\/lakuafoto\/"]}]}},"_links":{"self":[{"href":"https:\/\/www.lakuafoto.com\/en\/wp-json\/wp\/v2\/pages\/425","targetHints":{"allow":["GET"]}}],"collection":[{"href":"https:\/\/www.lakuafoto.com\/en\/wp-json\/wp\/v2\/pages"}],"about":[{"href":"https:\/\/www.lakuafoto.com\/en\/wp-json\/wp\/v2\/types\/page"}],"author":[{"embeddable":true,"href":"https:\/\/www.lakuafoto.com\/en\/wp-json\/wp\/v2\/users\/1"}],"replies":[{"embeddable":true,"href":"https:\/\/www.lakuafoto.com\/en\/wp-json\/wp\/v2\/comments?post=425"}],"version-history":[{"count":32,"href":"https:\/\/www.lakuafoto.com\/en\/wp-json\/wp\/v2\/pages\/425\/revisions"}],"predecessor-version":[{"id":1197,"href":"https:\/\/www.lakuafoto.com\/en\/wp-json\/wp\/v2\/pages\/425\/revisions\/1197"}],"wp:attachment":[{"href":"https:\/\/www.lakuafoto.com\/en\/wp-json\/wp\/v2\/media?parent=425"}],"curies":[{"name":"wp","href":"https:\/\/api.w.org\/{rel}","templated":true}]}}