{"id":429,"date":"2025-05-21T13:07:27","date_gmt":"2025-05-21T11:07:27","guid":{"rendered":"https:\/\/www.lakuafoto.com\/?page_id=429"},"modified":"2025-07-17T08:29:38","modified_gmt":"2025-07-17T06:29:38","slug":"la-tienda","status":"publish","type":"page","link":"https:\/\/www.lakuafoto.com\/en\/la-tienda\/","title":{"rendered":"The store"},"content":{"rendered":"<div data-elementor-type=\"wp-page\" data-elementor-id=\"429\" class=\"elementor elementor-429\" data-elementor-post-type=\"page\">\n\t\t\t\t<div class=\"elementor-element elementor-element-36675302 e-flex e-con-boxed e-con e-parent\" data-id=\"36675302\" data-element_type=\"container\" data-e-type=\"container\" data-settings=\"{&quot;background_background&quot;:&quot;classic&quot;}\">\n\t\t\t\t\t<div class=\"e-con-inner\">\n\t\t\t\t\t<\/div>\n\t\t\t\t<\/div>\n\t\t<div class=\"elementor-element elementor-element-1d1f6edf e-flex e-con-boxed e-con e-parent\" data-id=\"1d1f6edf\" data-element_type=\"container\" data-e-type=\"container\" data-settings=\"{&quot;background_background&quot;:&quot;classic&quot;}\">\n\t\t\t\t\t<div class=\"e-con-inner\">\n\t\t\t\t<div class=\"elementor-element elementor-element-52635c9f elementor-widget elementor-widget-icon-box\" data-id=\"52635c9f\" data-element_type=\"widget\" data-e-type=\"widget\" data-widget_type=\"icon-box.default\">\n\t\t\t\t<div class=\"elementor-widget-container\">\n\t\t\t\t\t\t\t<div class=\"elementor-icon-box-wrapper\">\n\n\t\t\t\n\t\t\t\t\t\t<div class=\"elementor-icon-box-content\">\n\n\t\t\t\t\t\t\t\t\t<h1 class=\"elementor-icon-box-title\">\n\t\t\t\t\t\t<span  >\n\t\t\t\t\t\t\tThe Store\t\t\t\t\t\t<\/span>\n\t\t\t\t\t<\/h1>\n\t\t\t\t\n\t\t\t\t\t\t\t\t\t<p class=\"elementor-icon-box-description\">\n\t\t\t\t\t\tA space designed to transform your memories into unique objects with soul.\t\t\t\t\t<\/p>\n\t\t\t\t\n\t\t\t<\/div>\n\t\t\t\n\t\t<\/div>\n\t\t\t\t\t\t<\/div>\n\t\t\t\t<\/div>\n\t\t\t\t\t<\/div>\n\t\t\t\t<\/div>\n\t\t<div class=\"elementor-element elementor-element-149713db e-flex e-con-boxed e-con e-parent\" data-id=\"149713db\" data-element_type=\"container\" data-e-type=\"container\">\n\t\t\t\t\t<div class=\"e-con-inner\">\n\t\t\t\t<div class=\"elementor-element elementor-element-6f879a3 elementor-widget__width-initial elementor-widget-tablet__width-inherit elementor-widget elementor-widget-heading\" data-id=\"6f879a3\" data-element_type=\"widget\" data-e-type=\"widget\" data-widget_type=\"heading.default\">\n\t\t\t\t<div class=\"elementor-widget-container\">\n\t\t\t\t\t<h2 class=\"elementor-heading-title elementor-size-default\">Photography that is touched, saved and shared<\/h2>\t\t\t\t<\/div>\n\t\t\t\t<\/div>\n\t\t\t\t<div class=\"elementor-element elementor-element-15e568f7 elementor-widget__width-initial elementor-widget-tablet__width-inherit elementor-widget elementor-widget-text-editor\" data-id=\"15e568f7\" data-element_type=\"widget\" data-e-type=\"widget\" data-widget_type=\"text-editor.default\">\n\t\t\t\t<div class=\"elementor-widget-container\">\n\t\t\t\t\t\t\t\t\t<p class=\"p1\">At Lakua Foto, you&#039;ll find much more than just image services: we offer the opportunity to bring your photos to life with carefully and thoughtfully selected products.<\/p><p>\u00a0<\/p><p class=\"p1\">Each item has been chosen not only for its quality, but also for its respect for the environment and its emotional value.<\/p>\t\t\t\t\t\t\t\t<\/div>\n\t\t\t\t<\/div>\n\t\t\t\t\t<\/div>\n\t\t\t\t<\/div>\n\t\t<div class=\"elementor-element elementor-element-781a84bd e-flex e-con-boxed e-con e-parent\" data-id=\"781a84bd\" data-element_type=\"container\" data-e-type=\"container\">\n\t\t\t\t\t<div class=\"e-con-inner\">\n\t\t<div class=\"elementor-element elementor-element-22fc7784 e-con-full e-flex e-con e-child\" data-id=\"22fc7784\" data-element_type=\"container\" data-e-type=\"container\" data-settings=\"{&quot;background_background&quot;:&quot;classic&quot;}\">\n\t\t\t\t<\/div>\n\t\t<div class=\"elementor-element elementor-element-16762baf e-con-full e-flex e-con e-child\" data-id=\"16762baf\" data-element_type=\"container\" data-e-type=\"container\" data-settings=\"{&quot;background_background&quot;:&quot;classic&quot;}\">\n\t\t\t\t<div class=\"elementor-element elementor-element-40c1e3d7 elementor-widget elementor-widget-icon-box\" data-id=\"40c1e3d7\" data-element_type=\"widget\" data-e-type=\"widget\" data-widget_type=\"icon-box.default\">\n\t\t\t\t<div class=\"elementor-widget-container\">\n\t\t\t\t\t\t\t<div class=\"elementor-icon-box-wrapper\">\n\n\t\t\t\n\t\t\t\t\t\t<div class=\"elementor-icon-box-content\">\n\n\t\t\t\t\t\t\t\t\t<h2 class=\"elementor-icon-box-title\">\n\t\t\t\t\t\t<span  >\n\t\t\t\t\t\t\tInstant passport photos\t\t\t\t\t\t<\/span>\n\t\t\t\t\t<\/h2>\n\t\t\t\t\n\t\t\t\t\t\t\t\t\t<p class=\"elementor-icon-box-description\">\n\t\t\t\t\t\tFor all types of documents\t\t\t\t\t<\/p>\n\t\t\t\t\n\t\t\t<\/div>\n\t\t\t\n\t\t<\/div>\n\t\t\t\t\t\t<\/div>\n\t\t\t\t<\/div>\n\t\t\t\t<div class=\"elementor-element elementor-element-5ec89b9f elementor-widget elementor-widget-text-editor\" data-id=\"5ec89b9f\" data-element_type=\"widget\" data-e-type=\"widget\" data-widget_type=\"text-editor.default\">\n\t\t\t\t<div class=\"elementor-widget-container\">\n\t\t\t\t\t\t\t\t\t<p>We take ID photos for all types of documents quickly and professionally. We also develop and print your photos in various formats and qualities, so you can enjoy them as they deserve.<\/p>\t\t\t\t\t\t\t\t<\/div>\n\t\t\t\t<\/div>\n\t\t\t\t<\/div>\n\t\t\t\t\t<\/div>\n\t\t\t\t<\/div>\n\t\t<div class=\"elementor-element elementor-element-298b3ec8 e-flex e-con-boxed e-con e-parent\" data-id=\"298b3ec8\" data-element_type=\"container\" data-e-type=\"container\">\n\t\t\t\t\t<div class=\"e-con-inner\">\n\t\t<div class=\"elementor-element elementor-element-50e0c4a e-con-full e-flex e-con e-child\" data-id=\"50e0c4a\" data-element_type=\"container\" data-e-type=\"container\" data-settings=\"{&quot;background_background&quot;:&quot;classic&quot;}\">\n\t\t\t\t<div class=\"elementor-element elementor-element-6ebb0676 elementor-widget elementor-widget-icon-box\" data-id=\"6ebb0676\" data-element_type=\"widget\" data-e-type=\"widget\" data-widget_type=\"icon-box.default\">\n\t\t\t\t<div class=\"elementor-widget-container\">\n\t\t\t\t\t\t\t<div class=\"elementor-icon-box-wrapper\">\n\n\t\t\t\n\t\t\t\t\t\t<div class=\"elementor-icon-box-content\">\n\n\t\t\t\t\t\t\t\t\t<h2 class=\"elementor-icon-box-title\">\n\t\t\t\t\t\t<span  >\n\t\t\t\t\t\t\tFrames, albums and personalized details\t\t\t\t\t\t<\/span>\n\t\t\t\t\t<\/h2>\n\t\t\t\t\n\t\t\t\t\t\t\t\t\t<p class=\"elementor-icon-box-description\">\n\t\t\t\t\t\tYour story, with the finish you choose.\t\t\t\t\t<\/p>\n\t\t\t\t\n\t\t\t<\/div>\n\t\t\t\n\t\t<\/div>\n\t\t\t\t\t\t<\/div>\n\t\t\t\t<\/div>\n\t\t\t\t<div class=\"elementor-element elementor-element-6882e589 elementor-widget elementor-widget-text-editor\" data-id=\"6882e589\" data-element_type=\"widget\" data-e-type=\"widget\" data-widget_type=\"text-editor.default\">\n\t\t\t\t<div class=\"elementor-widget-container\">\n\t\t\t\t\t\t\t\t\t<p class=\"p1\">We offer a wide variety of frames, analog albums, decorative boxes, and personalized products for gifts or decoration. Everything is designed to give your images a unique and sustainable touch and integrate them into your daily life.<\/p>\t\t\t\t\t\t\t\t<\/div>\n\t\t\t\t<\/div>\n\t\t\t\t<\/div>\n\t\t<div class=\"elementor-element elementor-element-5959bd9 e-con-full e-flex e-con e-child\" data-id=\"5959bd9\" data-element_type=\"container\" data-e-type=\"container\" data-settings=\"{&quot;background_background&quot;:&quot;classic&quot;}\">\n\t\t\t\t<\/div>\n\t\t\t\t\t<\/div>\n\t\t\t\t<\/div>\n\t\t<div class=\"elementor-element elementor-element-6cf824b e-flex e-con-boxed e-con e-parent\" data-id=\"6cf824b\" data-element_type=\"container\" data-e-type=\"container\">\n\t\t\t\t\t<div class=\"e-con-inner\">\n\t\t<div class=\"elementor-element elementor-element-15bda9f9 e-con-full e-flex e-con e-child\" data-id=\"15bda9f9\" data-element_type=\"container\" data-e-type=\"container\" data-settings=\"{&quot;background_background&quot;:&quot;classic&quot;}\">\n\t\t\t\t<\/div>\n\t\t<div class=\"elementor-element elementor-element-4c045b16 e-con-full e-flex e-con e-child\" data-id=\"4c045b16\" data-element_type=\"container\" data-e-type=\"container\" data-settings=\"{&quot;background_background&quot;:&quot;classic&quot;}\">\n\t\t\t\t<div class=\"elementor-element elementor-element-3d09f37c elementor-widget elementor-widget-icon-box\" data-id=\"3d09f37c\" data-element_type=\"widget\" data-e-type=\"widget\" data-widget_type=\"icon-box.default\">\n\t\t\t\t<div class=\"elementor-widget-container\">\n\t\t\t\t\t\t\t<div class=\"elementor-icon-box-wrapper\">\n\n\t\t\t\n\t\t\t\t\t\t<div class=\"elementor-icon-box-content\">\n\n\t\t\t\t\t\t\t\t\t<h2 class=\"elementor-icon-box-title\">\n\t\t\t\t\t\t<span  >\n\t\t\t\t\t\t\tGifts with photography\t\t\t\t\t\t<\/span>\n\t\t\t\t\t<\/h2>\n\t\t\t\t\n\t\t\t\t\t\t\t\t\t<p class=\"elementor-icon-box-description\">\n\t\t\t\t\t\tUnique details for unique people.\t\t\t\t\t<\/p>\n\t\t\t\t\n\t\t\t<\/div>\n\t\t\t\n\t\t<\/div>\n\t\t\t\t\t\t<\/div>\n\t\t\t\t<\/div>\n\t\t\t\t<div class=\"elementor-element elementor-element-7a4cbc51 elementor-widget elementor-widget-text-editor\" data-id=\"7a4cbc51\" data-element_type=\"widget\" data-e-type=\"widget\" data-widget_type=\"text-editor.default\">\n\t\t\t\t<div class=\"elementor-widget-container\">\n\t\t\t\t\t\t\t\t\t<p class=\"p1\">We create personalized mugs, keychains, pillows, calendars, and other products featuring your favorite photos. Perfect for gifts or to keep a special keepsake close at hand. Whenever possible, we choose recyclable or low-impact materials.<\/p>\t\t\t\t\t\t\t\t<\/div>\n\t\t\t\t<\/div>\n\t\t\t\t<\/div>\n\t\t\t\t\t<\/div>\n\t\t\t\t<\/div>\n\t\t<div class=\"elementor-element elementor-element-5522a228 e-flex e-con-boxed e-con e-parent\" data-id=\"5522a228\" data-element_type=\"container\" data-e-type=\"container\">\n\t\t\t\t\t<div class=\"e-con-inner\">\n\t\t<div class=\"elementor-element elementor-element-69a38abc e-con-full e-flex e-con e-child\" data-id=\"69a38abc\" data-element_type=\"container\" data-e-type=\"container\" data-settings=\"{&quot;background_background&quot;:&quot;classic&quot;}\">\n\t\t\t\t<div class=\"elementor-element elementor-element-30c6e614 elementor-widget elementor-widget-icon-box\" data-id=\"30c6e614\" data-element_type=\"widget\" data-e-type=\"widget\" data-widget_type=\"icon-box.default\">\n\t\t\t\t<div class=\"elementor-widget-container\">\n\t\t\t\t\t\t\t<div class=\"elementor-icon-box-wrapper\">\n\n\t\t\t\n\t\t\t\t\t\t<div class=\"elementor-icon-box-content\">\n\n\t\t\t\t\t\t\t\t\t<h2 class=\"elementor-icon-box-title\">\n\t\t\t\t\t\t<span  >\n\t\t\t\t\t\t\tImage editing and recovery\t\t\t\t\t\t<\/span>\n\t\t\t\t\t<\/h2>\n\t\t\t\t\n\t\t\t\t\t\t\t\t\t<p class=\"elementor-icon-box-description\">\n\t\t\t\t\t\tWe give new life to your memories.\t\t\t\t\t<\/p>\n\t\t\t\t\n\t\t\t<\/div>\n\t\t\t\n\t\t<\/div>\n\t\t\t\t\t\t<\/div>\n\t\t\t\t<\/div>\n\t\t\t\t<div class=\"elementor-element elementor-element-147cd1c0 elementor-widget elementor-widget-text-editor\" data-id=\"147cd1c0\" data-element_type=\"widget\" data-e-type=\"widget\" data-widget_type=\"text-editor.default\">\n\t\t\t\t<div class=\"elementor-widget-container\">\n\t\t\t\t\t\t\t\t\t<p class=\"p1\">We offer professional editing, photo retouching, old photo restoration, and album digitization services. Because some images deserve to continue telling their story, with all their power and beauty.<\/p>\t\t\t\t\t\t\t\t<\/div>\n\t\t\t\t<\/div>\n\t\t\t\t<\/div>\n\t\t<div class=\"elementor-element elementor-element-4c753f37 e-con-full e-flex e-con e-child\" data-id=\"4c753f37\" data-element_type=\"container\" data-e-type=\"container\" data-settings=\"{&quot;background_background&quot;:&quot;classic&quot;}\">\n\t\t\t\t<\/div>\n\t\t\t\t\t<\/div>\n\t\t\t\t<\/div>\n\t\t<div class=\"elementor-element elementor-element-35a92311 e-con-full e-flex e-con e-parent\" data-id=\"35a92311\" data-element_type=\"container\" data-e-type=\"container\">\n\t\t\t\t<div class=\"elementor-element elementor-element-1587e822 elementor-widget elementor-widget-template\" data-id=\"1587e822\" data-element_type=\"widget\" data-e-type=\"widget\" data-widget_type=\"template.default\">\n\t\t\t\t<div class=\"elementor-widget-container\">\n\t\t\t\t\t\t\t<div class=\"elementor-template\">\n\t\t\t\t\t<div data-elementor-type=\"container\" data-elementor-id=\"591\" class=\"elementor elementor-591\" data-elementor-post-type=\"elementor_library\">\n\t\t\t\t<div class=\"elementor-element elementor-element-3ff8b7d5 e-flex e-con-boxed e-con e-parent\" data-id=\"3ff8b7d5\" data-element_type=\"container\" data-e-type=\"container\" data-settings=\"{&quot;background_background&quot;:&quot;classic&quot;}\">\n\t\t\t\t\t<div class=\"e-con-inner\">\n\t\t\t\t<div class=\"elementor-element elementor-element-505b78d4 elementor-view-default elementor-position-block-start elementor-mobile-position-block-start elementor-widget elementor-widget-icon-box\" data-id=\"505b78d4\" data-element_type=\"widget\" data-e-type=\"widget\" data-widget_type=\"icon-box.default\">\n\t\t\t\t<div class=\"elementor-widget-container\">\n\t\t\t\t\t\t\t<div class=\"elementor-icon-box-wrapper\">\n\n\t\t\t\t\t\t<div class=\"elementor-icon-box-icon\">\n\t\t\t\t<span  class=\"elementor-icon\">\n\t\t\t\t<i aria-hidden=\"true\" class=\"fas fa-camera\"><\/i>\t\t\t\t<\/span>\n\t\t\t<\/div>\n\t\t\t\n\t\t\t\t\t\t<div class=\"elementor-icon-box-content\">\n\n\t\t\t\t\t\t\t\t\t<h2 class=\"elementor-icon-box-title\">\n\t\t\t\t\t\t<span  >\n\t\t\t\t\t\t\tBook your session or visit us. Do you have an idea in mind?\t\t\t\t\t\t<\/span>\n\t\t\t\t\t<\/h2>\n\t\t\t\t\n\t\t\t\t\t\t\t\t\t<p class=\"elementor-icon-box-description\">\n\t\t\t\t\t\tThere is no small moment when it comes to capturing memories.<br><br>\n\nWhether it&#039;s for a family session, a communion photo shoot, or simply printing your favorite photos, at Lakua Foto we&#039;re here to help you every step of the way. \t\t\t\t\t<\/p>\n\t\t\t\t\n\t\t\t<\/div>\n\t\t\t\n\t\t<\/div>\n\t\t\t\t\t\t<\/div>\n\t\t\t\t<\/div>\n\t\t\t\t<div class=\"elementor-element elementor-element-b35ccf3 elementor-align-justify elementor-mobile-align-justify elementor-widget__width-inherit elementor-widget elementor-widget-button\" data-id=\"b35ccf3\" data-element_type=\"widget\" data-e-type=\"widget\" data-widget_type=\"button.default\">\n\t\t\t\t<div class=\"elementor-widget-container\">\n\t\t\t\t\t\t\t\t\t<div class=\"elementor-button-wrapper\">\n\t\t\t\t\t<a class=\"elementor-button elementor-button-link elementor-size-sm\" href=\"https:\/\/www.lakuafoto.com\/en\/contacto\/\">\n\t\t\t\t\t\t<span class=\"elementor-button-content-wrapper\">\n\t\t\t\t\t\t<span class=\"elementor-button-icon\">\n\t\t\t\t<i aria-hidden=\"true\" class=\"fas fa-camera\"><\/i>\t\t\t<\/span>\n\t\t\t\t\t\t\t\t\t<span class=\"elementor-button-text\">Contact<\/span>\n\t\t\t\t\t<\/span>\n\t\t\t\t\t<\/a>\n\t\t\t\t<\/div>\n\t\t\t\t\t\t\t\t<\/div>\n\t\t\t\t<\/div>\n\t\t\t\t<div class=\"elementor-element elementor-element-e527c2e elementor-icon-list--layout-inline elementor-align-center elementor-mobile-align-center elementor-list-item-link-full_width elementor-widget elementor-widget-icon-list\" data-id=\"e527c2e\" data-element_type=\"widget\" data-e-type=\"widget\" data-widget_type=\"icon-list.default\">\n\t\t\t\t<div class=\"elementor-widget-container\">\n\t\t\t\t\t\t\t<ul class=\"elementor-icon-list-items elementor-inline-items\">\n\t\t\t\t\t\t\t<li class=\"elementor-icon-list-item elementor-inline-item\">\n\t\t\t\t\t\t\t\t\t\t\t<a href=\"tel:685786740\">\n\n\t\t\t\t\t\t\t\t\t\t\t\t<span class=\"elementor-icon-list-icon\">\n\t\t\t\t\t\t\t<i aria-hidden=\"true\" class=\"fas fa-phone\"><\/i>\t\t\t\t\t\t<\/span>\n\t\t\t\t\t\t\t\t\t\t<span class=\"elementor-icon-list-text\">685 786 740<\/span>\n\t\t\t\t\t\t\t\t\t\t\t<\/a>\n\t\t\t\t\t\t\t\t\t<\/li>\n\t\t\t\t\t\t\t\t<li class=\"elementor-icon-list-item elementor-inline-item\">\n\t\t\t\t\t\t\t\t\t\t\t<a href=\"mailto:lakuafoto@gmail.com\">\n\n\t\t\t\t\t\t\t\t\t\t\t\t<span class=\"elementor-icon-list-icon\">\n\t\t\t\t\t\t\t<i aria-hidden=\"true\" class=\"fas fa-envelope\"><\/i>\t\t\t\t\t\t<\/span>\n\t\t\t\t\t\t\t\t\t\t<span class=\"elementor-icon-list-text\">lakuafoto@gmail.com<\/span>\n\t\t\t\t\t\t\t\t\t\t\t<\/a>\n\t\t\t\t\t\t\t\t\t<\/li>\n\t\t\t\t\t\t<\/ul>\n\t\t\t\t\t\t<\/div>\n\t\t\t\t<\/div>\n\t\t\t\t\t<\/div>\n\t\t\t\t<\/div>\n\t\t\t\t<\/div>\n\t\t\t\t<\/div>\n\t\t\t\t\t\t<\/div>\n\t\t\t\t<\/div>\n\t\t\t\t<\/div>\n\t\t\t\t<\/div>","protected":false},"excerpt":{"rendered":"<p>La Tienda Un espacio pensado para transformar tus recuerdos en objetos \u00fanicos y con alma. Fotograf\u00eda que se toca, se guarda y se comparte En Lakua Foto encontrar\u00e1s mucho m\u00e1s que servicios de imagen: te ofrecemos la posibilidad de dar vida a tus fotos con productos seleccionados con cari\u00f1o y conciencia. \u00a0 Cada art\u00edculo ha [&hellip;]<\/p>\n","protected":false},"author":1,"featured_media":0,"parent":0,"menu_order":14,"comment_status":"closed","ping_status":"closed","template":"","meta":{"_joinchat":[],"footnotes":""},"class_list":["post-429","page","type-page","status-publish","hentry"],"yoast_head":"<!-- This site is optimized with the Yoast SEO plugin v27.4 - https:\/\/yoast.com\/product\/yoast-seo-wordpress\/ -->\n<title>La tienda - Lakua Foto<\/title>\n<meta name=\"description\" content=\"Descubre la tienda de Lakua Foto: productos personalizados, packs de sesiones y detalles especiales para regalar recuerdos sostenibles y con alma.\" \/>\n<meta name=\"robots\" content=\"index, follow, max-snippet:-1, max-image-preview:large, max-video-preview:-1\" \/>\n<link rel=\"canonical\" href=\"https:\/\/www.lakuafoto.com\/en\/la-tienda\/\" \/>\n<meta property=\"og:locale\" content=\"en_US\" \/>\n<meta property=\"og:type\" content=\"article\" \/>\n<meta property=\"og:title\" content=\"La tienda - Lakua Foto\" \/>\n<meta property=\"og:description\" content=\"Descubre la tienda de Lakua Foto: productos personalizados, packs de sesiones y detalles especiales para regalar recuerdos sostenibles y con alma.\" \/>\n<meta property=\"og:url\" content=\"https:\/\/www.lakuafoto.com\/en\/la-tienda\/\" \/>\n<meta property=\"og:site_name\" content=\"Lakua Foto\" \/>\n<meta property=\"article:publisher\" content=\"https:\/\/www.facebook.com\/profile.php?id=61559546848017\" \/>\n<meta property=\"article:modified_time\" content=\"2025-07-17T06:29:38+00:00\" \/>\n<meta name=\"twitter:card\" content=\"summary_large_image\" \/>\n<script type=\"application\/ld+json\" class=\"yoast-schema-graph\">{\"@context\":\"https:\\\/\\\/schema.org\",\"@graph\":[{\"@type\":\"WebPage\",\"@id\":\"https:\\\/\\\/www.lakuafoto.com\\\/la-tienda\\\/\",\"url\":\"https:\\\/\\\/www.lakuafoto.com\\\/la-tienda\\\/\",\"name\":\"La tienda - Lakua Foto\",\"isPartOf\":{\"@id\":\"https:\\\/\\\/www.lakuafoto.com\\\/#website\"},\"datePublished\":\"2025-05-21T11:07:27+00:00\",\"dateModified\":\"2025-07-17T06:29:38+00:00\",\"description\":\"Descubre la tienda de Lakua Foto: productos personalizados, packs de sesiones y detalles especiales para regalar recuerdos sostenibles y con alma.\",\"breadcrumb\":{\"@id\":\"https:\\\/\\\/www.lakuafoto.com\\\/la-tienda\\\/#breadcrumb\"},\"inLanguage\":\"en-US\",\"potentialAction\":[{\"@type\":\"ReadAction\",\"target\":[\"https:\\\/\\\/www.lakuafoto.com\\\/la-tienda\\\/\"]}]},{\"@type\":\"BreadcrumbList\",\"@id\":\"https:\\\/\\\/www.lakuafoto.com\\\/la-tienda\\\/#breadcrumb\",\"itemListElement\":[{\"@type\":\"ListItem\",\"position\":1,\"name\":\"Inicio\",\"item\":\"https:\\\/\\\/www.lakuafoto.com\\\/\"},{\"@type\":\"ListItem\",\"position\":2,\"name\":\"La tienda\"}]},{\"@type\":\"WebSite\",\"@id\":\"https:\\\/\\\/www.lakuafoto.com\\\/#website\",\"url\":\"https:\\\/\\\/www.lakuafoto.com\\\/\",\"name\":\"Lakua Foto\",\"description\":\"Fotograf\u00eda familiar\",\"publisher\":{\"@id\":\"https:\\\/\\\/www.lakuafoto.com\\\/#organization\"},\"potentialAction\":[{\"@type\":\"SearchAction\",\"target\":{\"@type\":\"EntryPoint\",\"urlTemplate\":\"https:\\\/\\\/www.lakuafoto.com\\\/?s={search_term_string}\"},\"query-input\":{\"@type\":\"PropertyValueSpecification\",\"valueRequired\":true,\"valueName\":\"search_term_string\"}}],\"inLanguage\":\"en-US\"},{\"@type\":\"Organization\",\"@id\":\"https:\\\/\\\/www.lakuafoto.com\\\/#organization\",\"name\":\"Lakua Foto\",\"url\":\"https:\\\/\\\/www.lakuafoto.com\\\/\",\"logo\":{\"@type\":\"ImageObject\",\"inLanguage\":\"en-US\",\"@id\":\"https:\\\/\\\/www.lakuafoto.com\\\/#\\\/schema\\\/logo\\\/image\\\/\",\"url\":\"https:\\\/\\\/www.lakuafoto.com\\\/wp-content\\\/uploads\\\/2025\\\/05\\\/logo.png\",\"contentUrl\":\"https:\\\/\\\/www.lakuafoto.com\\\/wp-content\\\/uploads\\\/2025\\\/05\\\/logo.png\",\"width\":1199,\"height\":577,\"caption\":\"Lakua Foto\"},\"image\":{\"@id\":\"https:\\\/\\\/www.lakuafoto.com\\\/#\\\/schema\\\/logo\\\/image\\\/\"},\"sameAs\":[\"https:\\\/\\\/www.facebook.com\\\/profile.php?id=61559546848017\",\"https:\\\/\\\/www.instagram.com\\\/lakuafoto\\\/\"]}]}<\/script>\n<!-- \/ Yoast SEO plugin. -->","yoast_head_json":{"title":"The store - Lakua Foto","description":"Discover the Lakua Foto store: personalized products, session packages, and special gifts for sustainable and soulful souvenirs.","robots":{"index":"index","follow":"follow","max-snippet":"max-snippet:-1","max-image-preview":"max-image-preview:large","max-video-preview":"max-video-preview:-1"},"canonical":"https:\/\/www.lakuafoto.com\/en\/la-tienda\/","og_locale":"en_US","og_type":"article","og_title":"La tienda - Lakua Foto","og_description":"Descubre la tienda de Lakua Foto: productos personalizados, packs de sesiones y detalles especiales para regalar recuerdos sostenibles y con alma.","og_url":"https:\/\/www.lakuafoto.com\/en\/la-tienda\/","og_site_name":"Lakua Foto","article_publisher":"https:\/\/www.facebook.com\/profile.php?id=61559546848017","article_modified_time":"2025-07-17T06:29:38+00:00","twitter_card":"summary_large_image","schema":{"@context":"https:\/\/schema.org","@graph":[{"@type":"WebPage","@id":"https:\/\/www.lakuafoto.com\/la-tienda\/","url":"https:\/\/www.lakuafoto.com\/la-tienda\/","name":"The store - Lakua Foto","isPartOf":{"@id":"https:\/\/www.lakuafoto.com\/#website"},"datePublished":"2025-05-21T11:07:27+00:00","dateModified":"2025-07-17T06:29:38+00:00","description":"Discover the Lakua Foto store: personalized products, session packages, and special gifts for sustainable and soulful souvenirs.","breadcrumb":{"@id":"https:\/\/www.lakuafoto.com\/la-tienda\/#breadcrumb"},"inLanguage":"en-US","potentialAction":[{"@type":"ReadAction","target":["https:\/\/www.lakuafoto.com\/la-tienda\/"]}]},{"@type":"BreadcrumbList","@id":"https:\/\/www.lakuafoto.com\/la-tienda\/#breadcrumb","itemListElement":[{"@type":"ListItem","position":1,"name":"Inicio","item":"https:\/\/www.lakuafoto.com\/"},{"@type":"ListItem","position":2,"name":"La tienda"}]},{"@type":"WebSite","@id":"https:\/\/www.lakuafoto.com\/#website","url":"https:\/\/www.lakuafoto.com\/","name":"Lakua Foto","description":"Family photography","publisher":{"@id":"https:\/\/www.lakuafoto.com\/#organization"},"potentialAction":[{"@type":"SearchAction","target":{"@type":"EntryPoint","urlTemplate":"https:\/\/www.lakuafoto.com\/?s={search_term_string}"},"query-input":{"@type":"PropertyValueSpecification","valueRequired":true,"valueName":"search_term_string"}}],"inLanguage":"en-US"},{"@type":"Organization","@id":"https:\/\/www.lakuafoto.com\/#organization","name":"Lakua Foto","url":"https:\/\/www.lakuafoto.com\/","logo":{"@type":"ImageObject","inLanguage":"en-US","@id":"https:\/\/www.lakuafoto.com\/#\/schema\/logo\/image\/","url":"https:\/\/www.lakuafoto.com\/wp-content\/uploads\/2025\/05\/logo.png","contentUrl":"https:\/\/www.lakuafoto.com\/wp-content\/uploads\/2025\/05\/logo.png","width":1199,"height":577,"caption":"Lakua Foto"},"image":{"@id":"https:\/\/www.lakuafoto.com\/#\/schema\/logo\/image\/"},"sameAs":["https:\/\/www.facebook.com\/profile.php?id=61559546848017","https:\/\/www.instagram.com\/lakuafoto\/"]}]}},"_links":{"self":[{"href":"https:\/\/www.lakuafoto.com\/en\/wp-json\/wp\/v2\/pages\/429","targetHints":{"allow":["GET"]}}],"collection":[{"href":"https:\/\/www.lakuafoto.com\/en\/wp-json\/wp\/v2\/pages"}],"about":[{"href":"https:\/\/www.lakuafoto.com\/en\/wp-json\/wp\/v2\/types\/page"}],"author":[{"embeddable":true,"href":"https:\/\/www.lakuafoto.com\/en\/wp-json\/wp\/v2\/users\/1"}],"replies":[{"embeddable":true,"href":"https:\/\/www.lakuafoto.com\/en\/wp-json\/wp\/v2\/comments?post=429"}],"version-history":[{"count":41,"href":"https:\/\/www.lakuafoto.com\/en\/wp-json\/wp\/v2\/pages\/429\/revisions"}],"predecessor-version":[{"id":1185,"href":"https:\/\/www.lakuafoto.com\/en\/wp-json\/wp\/v2\/pages\/429\/revisions\/1185"}],"wp:attachment":[{"href":"https:\/\/www.lakuafoto.com\/en\/wp-json\/wp\/v2\/media?parent=429"}],"curies":[{"name":"wp","href":"https:\/\/api.w.org\/{rel}","templated":true}]}}