{"id":886,"date":"2025-07-01T11:01:55","date_gmt":"2025-07-01T09:01:55","guid":{"rendered":"https:\/\/www.lakuafoto.com\/?page_id=886"},"modified":"2026-03-15T12:10:43","modified_gmt":"2026-03-15T11:10:43","slug":"dia-de-la-madre","status":"publish","type":"page","link":"https:\/\/www.lakuafoto.com\/en\/reportajes\/dia-de-la-madre\/","title":{"rendered":"Mother&#039;s Day"},"content":{"rendered":"<div data-elementor-type=\"wp-page\" data-elementor-id=\"886\" class=\"elementor elementor-886\" data-elementor-post-type=\"page\">\n\t\t\t\t<div class=\"elementor-element elementor-element-5199a63a e-flex e-con-boxed e-con e-parent\" data-id=\"5199a63a\" data-element_type=\"container\" data-e-type=\"container\" data-settings=\"{&quot;background_background&quot;:&quot;classic&quot;}\">\n\t\t\t\t\t<div class=\"e-con-inner\">\n\t\t\t\t\t<\/div>\n\t\t\t\t<\/div>\n\t\t<div class=\"elementor-element elementor-element-6c1d7621 e-flex e-con-boxed e-con e-parent\" data-id=\"6c1d7621\" data-element_type=\"container\" data-e-type=\"container\" data-settings=\"{&quot;background_background&quot;:&quot;classic&quot;}\">\n\t\t\t\t\t<div class=\"e-con-inner\">\n\t\t\t\t<div class=\"elementor-element elementor-element-59177a1a elementor-widget elementor-widget-icon-box\" data-id=\"59177a1a\" data-element_type=\"widget\" data-e-type=\"widget\" data-widget_type=\"icon-box.default\">\n\t\t\t\t<div class=\"elementor-widget-container\">\n\t\t\t\t\t\t\t<div class=\"elementor-icon-box-wrapper\">\n\n\t\t\t\n\t\t\t\t\t\t<div class=\"elementor-icon-box-content\">\n\n\t\t\t\t\t\t\t\t\t<h1 class=\"elementor-icon-box-title\">\n\t\t\t\t\t\t<span  >\n\t\t\t\t\t\t\tMother&#039;s Day\t\t\t\t\t\t<\/span>\n\t\t\t\t\t<\/h1>\n\t\t\t\t\n\t\t\t\t\t\t\t\t\t<p class=\"elementor-icon-box-description\">\n\t\t\t\t\t\tA tribute to those who are always there.\t\t\t\t\t<\/p>\n\t\t\t\t\n\t\t\t<\/div>\n\t\t\t\n\t\t<\/div>\n\t\t\t\t\t\t<\/div>\n\t\t\t\t<\/div>\n\t\t\t\t\t<\/div>\n\t\t\t\t<\/div>\n\t\t<div class=\"elementor-element elementor-element-3b391c21 e-flex e-con-boxed e-con e-parent\" data-id=\"3b391c21\" data-element_type=\"container\" data-e-type=\"container\">\n\t\t\t\t\t<div class=\"e-con-inner\">\n\t\t\t\t<div class=\"elementor-element elementor-element-1be8da1d elementor-widget__width-initial elementor-widget-tablet__width-inherit elementor-widget elementor-widget-heading\" data-id=\"1be8da1d\" data-element_type=\"widget\" data-e-type=\"widget\" data-widget_type=\"heading.default\">\n\t\t\t\t<div class=\"elementor-widget-container\">\n\t\t\t\t\t<h2 class=\"elementor-heading-title elementor-size-default\">Moments that speak of love<\/h2>\t\t\t\t<\/div>\n\t\t\t\t<\/div>\n\t\t\t\t<div class=\"elementor-element elementor-element-9dffbcb elementor-widget__width-initial elementor-widget-tablet__width-inherit elementor-widget elementor-widget-text-editor\" data-id=\"9dffbcb\" data-element_type=\"widget\" data-e-type=\"widget\" data-widget_type=\"text-editor.default\">\n\t\t\t\t<div class=\"elementor-widget-container\">\n\t\t\t\t\t\t\t\t\t<p class=\"p1\">Mothers and children, grandmothers, expectant mothers\u2026 In these sessions, we seek to reflect unconditional love in all its forms. We create warm and relaxing spaces where emotions flow naturally.<\/p><p>\u00a0<\/p><p class=\"p1\">These are meaningful reports, ideal for gifts or to keep as a lasting memory. Because a picture can express what is sometimes difficult to put into words.<\/p>\t\t\t\t\t\t\t\t<\/div>\n\t\t\t\t<\/div>\n\t\t\t\t\t<\/div>\n\t\t\t\t<\/div>\n\t\t<div class=\"elementor-element elementor-element-22833ef8 e-flex e-con-boxed e-con e-parent\" data-id=\"22833ef8\" data-element_type=\"container\" data-e-type=\"container\">\n\t\t\t\t\t<div class=\"e-con-inner\">\n\t\t\t\t<div class=\"elementor-element elementor-element-5f9f3c7c elementor-nav-menu__align-center elementor-nav-menu--dropdown-none elementor-widget elementor-widget-nav-menu\" data-id=\"5f9f3c7c\" data-element_type=\"widget\" data-e-type=\"widget\" data-settings=\"{&quot;layout&quot;:&quot;horizontal&quot;,&quot;submenu_icon&quot;:{&quot;value&quot;:&quot;&lt;i class=\\&quot;fas fa-caret-down\\&quot; aria-hidden=\\&quot;true\\&quot;&gt;&lt;\\\/i&gt;&quot;,&quot;library&quot;:&quot;fa-solid&quot;}}\" data-widget_type=\"nav-menu.default\">\n\t\t\t\t<div class=\"elementor-widget-container\">\n\t\t\t\t\t\t\t\t<nav aria-label=\"Menu\" class=\"elementor-nav-menu--main elementor-nav-menu__container elementor-nav-menu--layout-horizontal e--pointer-framed e--animation-corners\">\n\t\t\t\t<ul id=\"menu-1-5f9f3c7c\" class=\"elementor-nav-menu\"><li class=\"menu-item menu-item-type-post_type menu-item-object-page menu-item-904\"><a href=\"https:\/\/www.lakuafoto.com\/en\/reportajes\/\" class=\"elementor-item\">All<\/a><\/li>\n<li class=\"menu-item menu-item-type-post_type menu-item-object-page menu-item-896\"><a href=\"https:\/\/www.lakuafoto.com\/en\/reportajes\/bodas\/\" class=\"elementor-item\">Wedding<\/a><\/li>\n<li class=\"menu-item menu-item-type-post_type menu-item-object-page menu-item-895\"><a href=\"https:\/\/www.lakuafoto.com\/en\/reportajes\/comuniones\/\" class=\"elementor-item\">Communions<\/a><\/li>\n<li class=\"menu-item menu-item-type-post_type menu-item-object-page menu-item-894\"><a href=\"https:\/\/www.lakuafoto.com\/en\/reportajes\/embarazo-y-peques\/\" class=\"elementor-item\">Pregnancy and children<\/a><\/li>\n<li class=\"menu-item menu-item-type-post_type menu-item-object-page menu-item-893\"><a href=\"https:\/\/www.lakuafoto.com\/en\/reportajes\/mascotas\/\" class=\"elementor-item\">Pets<\/a><\/li>\n<li class=\"menu-item menu-item-type-post_type menu-item-object-page menu-item-892\"><a href=\"https:\/\/www.lakuafoto.com\/en\/reportajes\/verano\/\" class=\"elementor-item\">Summer<\/a><\/li>\n<li class=\"menu-item menu-item-type-post_type menu-item-object-page menu-item-891\"><a href=\"https:\/\/www.lakuafoto.com\/en\/reportajes\/san-valentin\/\" class=\"elementor-item\">Valentine&#039;s Day<\/a><\/li>\n<li class=\"menu-item menu-item-type-post_type menu-item-object-page menu-item-890\"><a href=\"https:\/\/www.lakuafoto.com\/en\/reportajes\/navidad\/\" class=\"elementor-item\">Christmas<\/a><\/li>\n<li class=\"menu-item menu-item-type-post_type menu-item-object-page menu-item-889\"><a href=\"https:\/\/www.lakuafoto.com\/en\/reportajes\/dia-del-padre\/\" class=\"elementor-item\">Father&#039;s Day<\/a><\/li>\n<li class=\"menu-item menu-item-type-post_type menu-item-object-page menu-item-888\"><a href=\"https:\/\/www.lakuafoto.com\/en\/reportajes\/dia-de-la-madre\/\" class=\"elementor-item\">Mother&#039;s Day<\/a><\/li>\n<\/ul>\t\t\t<\/nav>\n\t\t\t\t\t\t<nav class=\"elementor-nav-menu--dropdown elementor-nav-menu__container\" aria-hidden=\"true\">\n\t\t\t\t<ul id=\"menu-2-5f9f3c7c\" class=\"elementor-nav-menu\"><li class=\"menu-item menu-item-type-post_type menu-item-object-page menu-item-904\"><a href=\"https:\/\/www.lakuafoto.com\/en\/reportajes\/\" class=\"elementor-item\" tabindex=\"-1\">All<\/a><\/li>\n<li class=\"menu-item menu-item-type-post_type menu-item-object-page menu-item-896\"><a href=\"https:\/\/www.lakuafoto.com\/en\/reportajes\/bodas\/\" class=\"elementor-item\" tabindex=\"-1\">Wedding<\/a><\/li>\n<li class=\"menu-item menu-item-type-post_type menu-item-object-page menu-item-895\"><a href=\"https:\/\/www.lakuafoto.com\/en\/reportajes\/comuniones\/\" class=\"elementor-item\" tabindex=\"-1\">Communions<\/a><\/li>\n<li class=\"menu-item menu-item-type-post_type menu-item-object-page menu-item-894\"><a href=\"https:\/\/www.lakuafoto.com\/en\/reportajes\/embarazo-y-peques\/\" class=\"elementor-item\" tabindex=\"-1\">Pregnancy and children<\/a><\/li>\n<li class=\"menu-item menu-item-type-post_type menu-item-object-page menu-item-893\"><a href=\"https:\/\/www.lakuafoto.com\/en\/reportajes\/mascotas\/\" class=\"elementor-item\" tabindex=\"-1\">Pets<\/a><\/li>\n<li class=\"menu-item menu-item-type-post_type menu-item-object-page menu-item-892\"><a href=\"https:\/\/www.lakuafoto.com\/en\/reportajes\/verano\/\" class=\"elementor-item\" tabindex=\"-1\">Summer<\/a><\/li>\n<li class=\"menu-item menu-item-type-post_type menu-item-object-page menu-item-891\"><a href=\"https:\/\/www.lakuafoto.com\/en\/reportajes\/san-valentin\/\" class=\"elementor-item\" tabindex=\"-1\">Valentine&#039;s Day<\/a><\/li>\n<li class=\"menu-item menu-item-type-post_type menu-item-object-page menu-item-890\"><a href=\"https:\/\/www.lakuafoto.com\/en\/reportajes\/navidad\/\" class=\"elementor-item\" tabindex=\"-1\">Christmas<\/a><\/li>\n<li class=\"menu-item menu-item-type-post_type menu-item-object-page menu-item-889\"><a href=\"https:\/\/www.lakuafoto.com\/en\/reportajes\/dia-del-padre\/\" class=\"elementor-item\" tabindex=\"-1\">Father&#039;s Day<\/a><\/li>\n<li class=\"menu-item menu-item-type-post_type menu-item-object-page menu-item-888\"><a href=\"https:\/\/www.lakuafoto.com\/en\/reportajes\/dia-de-la-madre\/\" class=\"elementor-item\" tabindex=\"-1\">Mother&#039;s Day<\/a><\/li>\n<\/ul>\t\t\t<\/nav>\n\t\t\t\t\t\t<\/div>\n\t\t\t\t<\/div>\n\t\t\t\t<div class=\"elementor-element elementor-element-4c5a06d6 elementor-widget elementor-widget-gallery\" data-id=\"4c5a06d6\" data-element_type=\"widget\" data-e-type=\"widget\" data-settings=\"{&quot;gallery_layout&quot;:&quot;justified&quot;,&quot;ideal_row_height&quot;:{&quot;unit&quot;:&quot;px&quot;,&quot;size&quot;:377,&quot;sizes&quot;:[]},&quot;content_hover_animation&quot;:&quot;enter-from-top&quot;,&quot;content_sequenced_animation&quot;:&quot;yes&quot;,&quot;ideal_row_height_tablet&quot;:{&quot;unit&quot;:&quot;px&quot;,&quot;size&quot;:200,&quot;sizes&quot;:[]},&quot;ideal_row_height_mobile&quot;:{&quot;unit&quot;:&quot;px&quot;,&quot;size&quot;:180,&quot;sizes&quot;:[]},&quot;gap&quot;:{&quot;unit&quot;:&quot;px&quot;,&quot;size&quot;:12,&quot;sizes&quot;:[]},&quot;image_hover_animation&quot;:&quot;grow&quot;,&quot;gap_tablet&quot;:{&quot;unit&quot;:&quot;px&quot;,&quot;size&quot;:12,&quot;sizes&quot;:[]},&quot;gap_mobile&quot;:{&quot;unit&quot;:&quot;px&quot;,&quot;size&quot;:8,&quot;sizes&quot;:[]},&quot;lazyload&quot;:&quot;yes&quot;,&quot;link_to&quot;:&quot;file&quot;}\" data-widget_type=\"gallery.default\">\n\t\t\t\t<div class=\"elementor-widget-container\">\n\t\t\t\t\t\t\t<div class=\"elementor-gallery__container\">\n\t\t\t\t\t\t\t<a class=\"e-gallery-item elementor-gallery-item elementor-animated-content\" href=\"https:\/\/www.lakuafoto.com\/wp-content\/uploads\/2025\/05\/AB_7305b.jpg\" data-elementor-open-lightbox=\"yes\" data-elementor-lightbox-slideshow=\"4c5a06d6\" data-e-action-hash=\"#elementor-action%3Aaction%3Dlightbox%26settings%3DeyJpZCI6NTE5LCJ1cmwiOiJodHRwczpcL1wvd3d3Lmxha3VhZm90by5jb21cL3dwLWNvbnRlbnRcL3VwbG9hZHNcLzIwMjVcLzA1XC9BQl83MzA1Yi5qcGciLCJzbGlkZXNob3ciOiI0YzVhMDZkNiJ9\">\n\t\t\t\t\t<div class=\"e-gallery-image elementor-gallery-item__image\" data-thumbnail=\"https:\/\/www.lakuafoto.com\/wp-content\/uploads\/2025\/05\/AB_7305b-768x1152.jpg\" data-width=\"768\" data-height=\"1152\" aria-label=\"Mother&#039;s Day\" role=\"img\" ><\/div>\n\t\t\t\t\t\t\t\t\t\t\t\t\t\t<\/a>\n\t\t\t\t\t\t\t<a class=\"e-gallery-item elementor-gallery-item elementor-animated-content\" href=\"https:\/\/www.lakuafoto.com\/wp-content\/uploads\/2025\/05\/AB_7299b.jpg\" data-elementor-open-lightbox=\"yes\" data-elementor-lightbox-slideshow=\"4c5a06d6\" data-e-action-hash=\"#elementor-action%3Aaction%3Dlightbox%26settings%3DeyJpZCI6NTE4LCJ1cmwiOiJodHRwczpcL1wvd3d3Lmxha3VhZm90by5jb21cL3dwLWNvbnRlbnRcL3VwbG9hZHNcLzIwMjVcLzA1XC9BQl83Mjk5Yi5qcGciLCJzbGlkZXNob3ciOiI0YzVhMDZkNiJ9\">\n\t\t\t\t\t<div class=\"e-gallery-image elementor-gallery-item__image\" data-thumbnail=\"https:\/\/www.lakuafoto.com\/wp-content\/uploads\/2025\/05\/AB_7299b-768x1152.jpg\" data-width=\"768\" data-height=\"1152\" aria-label=\"Mother&#039;s Day\" role=\"img\" ><\/div>\n\t\t\t\t\t\t\t\t\t\t\t\t\t\t<\/a>\n\t\t\t\t\t\t\t<a class=\"e-gallery-item elementor-gallery-item elementor-animated-content\" href=\"https:\/\/www.lakuafoto.com\/wp-content\/uploads\/2025\/05\/AB_7304b.jpg\" data-elementor-open-lightbox=\"yes\" data-elementor-lightbox-slideshow=\"4c5a06d6\" data-e-action-hash=\"#elementor-action%3Aaction%3Dlightbox%26settings%3DeyJpZCI6NTE3LCJ1cmwiOiJodHRwczpcL1wvd3d3Lmxha3VhZm90by5jb21cL3dwLWNvbnRlbnRcL3VwbG9hZHNcLzIwMjVcLzA1XC9BQl83MzA0Yi5qcGciLCJzbGlkZXNob3ciOiI0YzVhMDZkNiJ9\">\n\t\t\t\t\t<div class=\"e-gallery-image elementor-gallery-item__image\" data-thumbnail=\"https:\/\/www.lakuafoto.com\/wp-content\/uploads\/2025\/05\/AB_7304b-768x1152.jpg\" data-width=\"768\" data-height=\"1152\" aria-label=\"Mother&#039;s Day\" role=\"img\" ><\/div>\n\t\t\t\t\t\t\t\t\t\t\t\t\t\t<\/a>\n\t\t\t\t\t<\/div>\n\t\t\t\t\t<\/div>\n\t\t\t\t<\/div>\n\t\t\t\t\t<\/div>\n\t\t\t\t<\/div>\n\t\t<div class=\"elementor-element elementor-element-29520675 e-con-full e-flex e-con e-parent\" data-id=\"29520675\" data-element_type=\"container\" data-e-type=\"container\">\n\t\t\t\t<div class=\"elementor-element elementor-element-45723ac5 elementor-widget elementor-widget-template\" data-id=\"45723ac5\" data-element_type=\"widget\" data-e-type=\"widget\" data-widget_type=\"template.default\">\n\t\t\t\t<div class=\"elementor-widget-container\">\n\t\t\t\t\t\t\t<div class=\"elementor-template\">\n\t\t\t\t\t<div data-elementor-type=\"container\" data-elementor-id=\"591\" class=\"elementor elementor-591\" data-elementor-post-type=\"elementor_library\">\n\t\t\t\t<div class=\"elementor-element elementor-element-3ff8b7d5 e-flex e-con-boxed e-con e-parent\" data-id=\"3ff8b7d5\" data-element_type=\"container\" data-e-type=\"container\" data-settings=\"{&quot;background_background&quot;:&quot;classic&quot;}\">\n\t\t\t\t\t<div class=\"e-con-inner\">\n\t\t\t\t<div class=\"elementor-element elementor-element-505b78d4 elementor-view-default elementor-position-block-start elementor-mobile-position-block-start elementor-widget elementor-widget-icon-box\" data-id=\"505b78d4\" data-element_type=\"widget\" data-e-type=\"widget\" data-widget_type=\"icon-box.default\">\n\t\t\t\t<div class=\"elementor-widget-container\">\n\t\t\t\t\t\t\t<div class=\"elementor-icon-box-wrapper\">\n\n\t\t\t\t\t\t<div class=\"elementor-icon-box-icon\">\n\t\t\t\t<span  class=\"elementor-icon\">\n\t\t\t\t<i aria-hidden=\"true\" class=\"fas fa-camera\"><\/i>\t\t\t\t<\/span>\n\t\t\t<\/div>\n\t\t\t\n\t\t\t\t\t\t<div class=\"elementor-icon-box-content\">\n\n\t\t\t\t\t\t\t\t\t<h2 class=\"elementor-icon-box-title\">\n\t\t\t\t\t\t<span  >\n\t\t\t\t\t\t\tBook your session or visit us. Do you have an idea in mind?\t\t\t\t\t\t<\/span>\n\t\t\t\t\t<\/h2>\n\t\t\t\t\n\t\t\t\t\t\t\t\t\t<p class=\"elementor-icon-box-description\">\n\t\t\t\t\t\tThere is no small moment when it comes to capturing memories.<br><br>\n\nWhether it&#039;s for a family session, a communion photo shoot, or simply printing your favorite photos, at Lakua Foto we&#039;re here to help you every step of the way. \t\t\t\t\t<\/p>\n\t\t\t\t\n\t\t\t<\/div>\n\t\t\t\n\t\t<\/div>\n\t\t\t\t\t\t<\/div>\n\t\t\t\t<\/div>\n\t\t\t\t<div class=\"elementor-element elementor-element-b35ccf3 elementor-align-justify elementor-mobile-align-justify elementor-widget__width-inherit elementor-widget elementor-widget-button\" data-id=\"b35ccf3\" data-element_type=\"widget\" data-e-type=\"widget\" data-widget_type=\"button.default\">\n\t\t\t\t<div class=\"elementor-widget-container\">\n\t\t\t\t\t\t\t\t\t<div class=\"elementor-button-wrapper\">\n\t\t\t\t\t<a class=\"elementor-button elementor-button-link elementor-size-sm\" href=\"https:\/\/www.lakuafoto.com\/en\/contacto\/\">\n\t\t\t\t\t\t<span class=\"elementor-button-content-wrapper\">\n\t\t\t\t\t\t<span class=\"elementor-button-icon\">\n\t\t\t\t<i aria-hidden=\"true\" class=\"fas fa-camera\"><\/i>\t\t\t<\/span>\n\t\t\t\t\t\t\t\t\t<span class=\"elementor-button-text\">Contact<\/span>\n\t\t\t\t\t<\/span>\n\t\t\t\t\t<\/a>\n\t\t\t\t<\/div>\n\t\t\t\t\t\t\t\t<\/div>\n\t\t\t\t<\/div>\n\t\t\t\t<div class=\"elementor-element elementor-element-e527c2e elementor-icon-list--layout-inline elementor-align-center elementor-mobile-align-center elementor-list-item-link-full_width elementor-widget elementor-widget-icon-list\" data-id=\"e527c2e\" data-element_type=\"widget\" data-e-type=\"widget\" data-widget_type=\"icon-list.default\">\n\t\t\t\t<div class=\"elementor-widget-container\">\n\t\t\t\t\t\t\t<ul class=\"elementor-icon-list-items elementor-inline-items\">\n\t\t\t\t\t\t\t<li class=\"elementor-icon-list-item elementor-inline-item\">\n\t\t\t\t\t\t\t\t\t\t\t<a href=\"tel:685786740\">\n\n\t\t\t\t\t\t\t\t\t\t\t\t<span class=\"elementor-icon-list-icon\">\n\t\t\t\t\t\t\t<i aria-hidden=\"true\" class=\"fas fa-phone\"><\/i>\t\t\t\t\t\t<\/span>\n\t\t\t\t\t\t\t\t\t\t<span class=\"elementor-icon-list-text\">685 786 740<\/span>\n\t\t\t\t\t\t\t\t\t\t\t<\/a>\n\t\t\t\t\t\t\t\t\t<\/li>\n\t\t\t\t\t\t\t\t<li class=\"elementor-icon-list-item elementor-inline-item\">\n\t\t\t\t\t\t\t\t\t\t\t<a href=\"mailto:lakuafoto@gmail.com\">\n\n\t\t\t\t\t\t\t\t\t\t\t\t<span class=\"elementor-icon-list-icon\">\n\t\t\t\t\t\t\t<i aria-hidden=\"true\" class=\"fas fa-envelope\"><\/i>\t\t\t\t\t\t<\/span>\n\t\t\t\t\t\t\t\t\t\t<span class=\"elementor-icon-list-text\">lakuafoto@gmail.com<\/span>\n\t\t\t\t\t\t\t\t\t\t\t<\/a>\n\t\t\t\t\t\t\t\t\t<\/li>\n\t\t\t\t\t\t<\/ul>\n\t\t\t\t\t\t<\/div>\n\t\t\t\t<\/div>\n\t\t\t\t\t<\/div>\n\t\t\t\t<\/div>\n\t\t\t\t<\/div>\n\t\t\t\t<\/div>\n\t\t\t\t\t\t<\/div>\n\t\t\t\t<\/div>\n\t\t\t\t<\/div>\n\t\t\t\t<\/div>","protected":false},"excerpt":{"rendered":"<p>D\u00eda de la Madre Un homenaje a las que siempre est\u00e1n. Instantes que hablan de amor Madres e hijos, abuelas, futuras mam\u00e1s\u2026 En estas sesiones buscamos reflejar el amor incondicional que se da en todas sus formas. Creamos espacios c\u00e1lidos y relajados donde las emociones fluyen de forma natural. \u00a0 Son reportajes llenos de significado, [&hellip;]<\/p>\n","protected":false},"author":1,"featured_media":0,"parent":427,"menu_order":13,"comment_status":"closed","ping_status":"closed","template":"","meta":{"_joinchat":[],"footnotes":""},"class_list":["post-886","page","type-page","status-publish","hentry"],"yoast_head":"<!-- This site is optimized with the Yoast SEO plugin v27.4 - https:\/\/yoast.com\/product\/yoast-seo-wordpress\/ -->\n<title>D\u00eda de la madre - Lakua Foto<\/title>\n<meta name=\"description\" content=\"Sesiones fotogr\u00e1ficas para el D\u00eda de la Madre. Madres, hijos y abuelas en im\u00e1genes que reflejan amor, v\u00ednculo y ternura real.\" \/>\n<meta name=\"robots\" content=\"index, follow, max-snippet:-1, max-image-preview:large, max-video-preview:-1\" \/>\n<link rel=\"canonical\" href=\"https:\/\/www.lakuafoto.com\/en\/reportajes\/dia-de-la-madre\/\" \/>\n<meta property=\"og:locale\" content=\"en_US\" \/>\n<meta property=\"og:type\" content=\"article\" \/>\n<meta property=\"og:title\" content=\"D\u00eda de la madre - Lakua Foto\" \/>\n<meta property=\"og:description\" content=\"Sesiones fotogr\u00e1ficas para el D\u00eda de la Madre. Madres, hijos y abuelas en im\u00e1genes que reflejan amor, v\u00ednculo y ternura real.\" \/>\n<meta property=\"og:url\" content=\"https:\/\/www.lakuafoto.com\/en\/reportajes\/dia-de-la-madre\/\" \/>\n<meta property=\"og:site_name\" content=\"Lakua Foto\" \/>\n<meta property=\"article:publisher\" content=\"https:\/\/www.facebook.com\/profile.php?id=61559546848017\" \/>\n<meta property=\"article:modified_time\" content=\"2026-03-15T11:10:43+00:00\" \/>\n<meta name=\"twitter:card\" content=\"summary_large_image\" \/>\n<script type=\"application\/ld+json\" class=\"yoast-schema-graph\">{\"@context\":\"https:\\\/\\\/schema.org\",\"@graph\":[{\"@type\":\"WebPage\",\"@id\":\"https:\\\/\\\/www.lakuafoto.com\\\/reportajes\\\/dia-de-la-madre\\\/\",\"url\":\"https:\\\/\\\/www.lakuafoto.com\\\/reportajes\\\/dia-de-la-madre\\\/\",\"name\":\"D\u00eda de la madre - Lakua Foto\",\"isPartOf\":{\"@id\":\"https:\\\/\\\/www.lakuafoto.com\\\/#website\"},\"datePublished\":\"2025-07-01T09:01:55+00:00\",\"dateModified\":\"2026-03-15T11:10:43+00:00\",\"description\":\"Sesiones fotogr\u00e1ficas para el D\u00eda de la Madre. Madres, hijos y abuelas en im\u00e1genes que reflejan amor, v\u00ednculo y ternura real.\",\"breadcrumb\":{\"@id\":\"https:\\\/\\\/www.lakuafoto.com\\\/reportajes\\\/dia-de-la-madre\\\/#breadcrumb\"},\"inLanguage\":\"en-US\",\"potentialAction\":[{\"@type\":\"ReadAction\",\"target\":[\"https:\\\/\\\/www.lakuafoto.com\\\/reportajes\\\/dia-de-la-madre\\\/\"]}]},{\"@type\":\"BreadcrumbList\",\"@id\":\"https:\\\/\\\/www.lakuafoto.com\\\/reportajes\\\/dia-de-la-madre\\\/#breadcrumb\",\"itemListElement\":[{\"@type\":\"ListItem\",\"position\":1,\"name\":\"Inicio\",\"item\":\"https:\\\/\\\/www.lakuafoto.com\\\/\"},{\"@type\":\"ListItem\",\"position\":2,\"name\":\"Reportajes\",\"item\":\"https:\\\/\\\/www.lakuafoto.com\\\/reportajes\\\/\"},{\"@type\":\"ListItem\",\"position\":3,\"name\":\"D\u00eda de la madre\"}]},{\"@type\":\"WebSite\",\"@id\":\"https:\\\/\\\/www.lakuafoto.com\\\/#website\",\"url\":\"https:\\\/\\\/www.lakuafoto.com\\\/\",\"name\":\"Lakua Foto\",\"description\":\"Fotograf\u00eda familiar\",\"publisher\":{\"@id\":\"https:\\\/\\\/www.lakuafoto.com\\\/#organization\"},\"potentialAction\":[{\"@type\":\"SearchAction\",\"target\":{\"@type\":\"EntryPoint\",\"urlTemplate\":\"https:\\\/\\\/www.lakuafoto.com\\\/?s={search_term_string}\"},\"query-input\":{\"@type\":\"PropertyValueSpecification\",\"valueRequired\":true,\"valueName\":\"search_term_string\"}}],\"inLanguage\":\"en-US\"},{\"@type\":\"Organization\",\"@id\":\"https:\\\/\\\/www.lakuafoto.com\\\/#organization\",\"name\":\"Lakua Foto\",\"url\":\"https:\\\/\\\/www.lakuafoto.com\\\/\",\"logo\":{\"@type\":\"ImageObject\",\"inLanguage\":\"en-US\",\"@id\":\"https:\\\/\\\/www.lakuafoto.com\\\/#\\\/schema\\\/logo\\\/image\\\/\",\"url\":\"https:\\\/\\\/www.lakuafoto.com\\\/wp-content\\\/uploads\\\/2025\\\/05\\\/logo.png\",\"contentUrl\":\"https:\\\/\\\/www.lakuafoto.com\\\/wp-content\\\/uploads\\\/2025\\\/05\\\/logo.png\",\"width\":1199,\"height\":577,\"caption\":\"Lakua Foto\"},\"image\":{\"@id\":\"https:\\\/\\\/www.lakuafoto.com\\\/#\\\/schema\\\/logo\\\/image\\\/\"},\"sameAs\":[\"https:\\\/\\\/www.facebook.com\\\/profile.php?id=61559546848017\",\"https:\\\/\\\/www.instagram.com\\\/lakuafoto\\\/\"]}]}<\/script>\n<!-- \/ Yoast SEO plugin. -->","yoast_head_json":{"title":"Mother&#039;s Day - Lakua Foto","description":"Mother&#039;s Day photoshoots. Mothers, children, and grandmothers in images that reflect love, bond, and true tenderness.","robots":{"index":"index","follow":"follow","max-snippet":"max-snippet:-1","max-image-preview":"max-image-preview:large","max-video-preview":"max-video-preview:-1"},"canonical":"https:\/\/www.lakuafoto.com\/en\/reportajes\/dia-de-la-madre\/","og_locale":"en_US","og_type":"article","og_title":"D\u00eda de la madre - Lakua Foto","og_description":"Sesiones fotogr\u00e1ficas para el D\u00eda de la Madre. Madres, hijos y abuelas en im\u00e1genes que reflejan amor, v\u00ednculo y ternura real.","og_url":"https:\/\/www.lakuafoto.com\/en\/reportajes\/dia-de-la-madre\/","og_site_name":"Lakua Foto","article_publisher":"https:\/\/www.facebook.com\/profile.php?id=61559546848017","article_modified_time":"2026-03-15T11:10:43+00:00","twitter_card":"summary_large_image","schema":{"@context":"https:\/\/schema.org","@graph":[{"@type":"WebPage","@id":"https:\/\/www.lakuafoto.com\/reportajes\/dia-de-la-madre\/","url":"https:\/\/www.lakuafoto.com\/reportajes\/dia-de-la-madre\/","name":"Mother&#039;s Day - Lakua Foto","isPartOf":{"@id":"https:\/\/www.lakuafoto.com\/#website"},"datePublished":"2025-07-01T09:01:55+00:00","dateModified":"2026-03-15T11:10:43+00:00","description":"Mother&#039;s Day photoshoots. Mothers, children, and grandmothers in images that reflect love, bond, and true tenderness.","breadcrumb":{"@id":"https:\/\/www.lakuafoto.com\/reportajes\/dia-de-la-madre\/#breadcrumb"},"inLanguage":"en-US","potentialAction":[{"@type":"ReadAction","target":["https:\/\/www.lakuafoto.com\/reportajes\/dia-de-la-madre\/"]}]},{"@type":"BreadcrumbList","@id":"https:\/\/www.lakuafoto.com\/reportajes\/dia-de-la-madre\/#breadcrumb","itemListElement":[{"@type":"ListItem","position":1,"name":"Inicio","item":"https:\/\/www.lakuafoto.com\/"},{"@type":"ListItem","position":2,"name":"Reportajes","item":"https:\/\/www.lakuafoto.com\/reportajes\/"},{"@type":"ListItem","position":3,"name":"D\u00eda de la madre"}]},{"@type":"WebSite","@id":"https:\/\/www.lakuafoto.com\/#website","url":"https:\/\/www.lakuafoto.com\/","name":"Lakua Foto","description":"Family photography","publisher":{"@id":"https:\/\/www.lakuafoto.com\/#organization"},"potentialAction":[{"@type":"SearchAction","target":{"@type":"EntryPoint","urlTemplate":"https:\/\/www.lakuafoto.com\/?s={search_term_string}"},"query-input":{"@type":"PropertyValueSpecification","valueRequired":true,"valueName":"search_term_string"}}],"inLanguage":"en-US"},{"@type":"Organization","@id":"https:\/\/www.lakuafoto.com\/#organization","name":"Lakua Foto","url":"https:\/\/www.lakuafoto.com\/","logo":{"@type":"ImageObject","inLanguage":"en-US","@id":"https:\/\/www.lakuafoto.com\/#\/schema\/logo\/image\/","url":"https:\/\/www.lakuafoto.com\/wp-content\/uploads\/2025\/05\/logo.png","contentUrl":"https:\/\/www.lakuafoto.com\/wp-content\/uploads\/2025\/05\/logo.png","width":1199,"height":577,"caption":"Lakua Foto"},"image":{"@id":"https:\/\/www.lakuafoto.com\/#\/schema\/logo\/image\/"},"sameAs":["https:\/\/www.facebook.com\/profile.php?id=61559546848017","https:\/\/www.instagram.com\/lakuafoto\/"]}]}},"_links":{"self":[{"href":"https:\/\/www.lakuafoto.com\/en\/wp-json\/wp\/v2\/pages\/886","targetHints":{"allow":["GET"]}}],"collection":[{"href":"https:\/\/www.lakuafoto.com\/en\/wp-json\/wp\/v2\/pages"}],"about":[{"href":"https:\/\/www.lakuafoto.com\/en\/wp-json\/wp\/v2\/types\/page"}],"author":[{"embeddable":true,"href":"https:\/\/www.lakuafoto.com\/en\/wp-json\/wp\/v2\/users\/1"}],"replies":[{"embeddable":true,"href":"https:\/\/www.lakuafoto.com\/en\/wp-json\/wp\/v2\/comments?post=886"}],"version-history":[{"count":17,"href":"https:\/\/www.lakuafoto.com\/en\/wp-json\/wp\/v2\/pages\/886\/revisions"}],"predecessor-version":[{"id":1265,"href":"https:\/\/www.lakuafoto.com\/en\/wp-json\/wp\/v2\/pages\/886\/revisions\/1265"}],"up":[{"embeddable":true,"href":"https:\/\/www.lakuafoto.com\/en\/wp-json\/wp\/v2\/pages\/427"}],"wp:attachment":[{"href":"https:\/\/www.lakuafoto.com\/en\/wp-json\/wp\/v2\/media?parent=886"}],"curies":[{"name":"wp","href":"https:\/\/api.w.org\/{rel}","templated":true}]}}